{"id":9344,"date":"2020-02-12T15:35:52","date_gmt":"2020-02-12T14:35:52","guid":{"rendered":"http:\/\/dalyplastics.nl\/leveringsvoorwaarden\/"},"modified":"2024-01-31T17:07:03","modified_gmt":"2024-01-31T16:07:03","slug":"leveringsvoorwaarden","status":"publish","type":"page","link":"https:\/\/www.dalyplastics.nl\/fr\/leveringsvoorwaarden\/","title":{"rendered":"Conditions de Livraison"},"content":{"rendered":"<p>[et_pb_section fb_built=\u00a0\u00bb1&Prime; _builder_version=\u00a0\u00bb4.16&Prime; global_colors_info=\u00a0\u00bb{}\u00a0\u00bb][et_pb_row _builder_version=\u00a0\u00bb4.16&Prime; global_colors_info=\u00a0\u00bb{}\u00a0\u00bb][et_pb_column type=\u00a0\u00bb4_4&Prime; _builder_version=\u00a0\u00bb4.16&Prime; global_colors_info=\u00a0\u00bb{}\u00a0\u00bb][et_pb_text _builder_version=\u00a0\u00bb4.16&Prime; global_colors_info=\u00a0\u00bb{}\u00a0\u00bb]<\/p>\n<h1>Conditions de Livraison<\/h1>\n<p>[\/et_pb_text][\/et_pb_column][\/et_pb_row][et_pb_row _builder_version=\u00a0\u00bb4.16&Prime; global_colors_info=\u00a0\u00bb{}\u00a0\u00bb][et_pb_column type=\u00a0\u00bb4_4&Prime; _builder_version=\u00a0\u00bb4.16&Prime; global_colors_info=\u00a0\u00bb{}\u00a0\u00bb][et_pb_text _builder_version=\u00a0\u00bb4.16&Prime; global_colors_info=\u00a0\u00bb{}\u00a0\u00bb]<\/p>\n<div class=\"lRu31\" dir=\"ltr\"><span class=\"HwtZe\" lang=\"fr\"><span class=\"jCAhz ChMk0b\"><span class=\"ryNqvb\">Les conditions g\u00e9n\u00e9rales de la F\u00e9d\u00e9ration NRK s&rsquo;appliquent \u00e0 tous nos contrats, qui ont \u00e9t\u00e9 d\u00e9pos\u00e9s aupr\u00e8s de la Chambre de Commerce de La Haye le 22-02-2005 sous le num\u00e9ro 40407614.<\/span><\/span><\/span><\/div>\n<p>[\/et_pb_text][\/et_pb_column][\/et_pb_row][et_pb_row column_structure=\u00a0\u00bb1_2,1_2&Prime; _builder_version=\u00a0\u00bb4.16&Prime; global_colors_info=\u00a0\u00bb{}\u00a0\u00bb][et_pb_column type=\u00a0\u00bb1_2&Prime; _builder_version=\u00a0\u00bb4.16&Prime; global_colors_info=\u00a0\u00bb{}\u00a0\u00bb][et_pb_blurb url=\u00a0\u00bbhttps:\/\/www.dalyplastics.nl\/wp-content\/uploads\/2024\/01\/40407614_Algemene-Voorwaarden_22-2-2005_B05054AA.FAC_ENG.pdf\u00a0\u00bb image=\u00a0\u00bbhttps:\/\/www.dalyplastics.nl\/wp-content\/uploads\/2020\/02\/doc-icon.png\u00a0\u00bb _builder_version=\u00a0\u00bb4.16&Prime; header_text_align=\u00a0\u00bbcenter\u00a0\u00bb link_option_url=\u00a0\u00bbhttps:\/\/www.dalyplastics.nl\/wp-content\/uploads\/2024\/01\/40407614_Algemene-Voorwaarden_22-2-2005_B05054AA.FAC_ENG.pdf\u00a0\u00bb global_colors_info=\u00a0\u00bb{}\u00a0\u00bb]<\/p>\n<p style=\"text-align: center;\"><span class=\"HwtZe\" lang=\"fr\"><span class=\"jCAhz ChMk0b\"><span class=\"ryNqvb\">T\u00e9l\u00e9chargez le v\u00f4tre ici<\/span><\/span> <br \/><span class=\"jCAhz ChMk0b\"><span class=\"ryNqvb\">Conditions de livraison en anglais<\/span><\/span><\/span><\/p>\n<p>[\/et_pb_blurb][\/et_pb_column][et_pb_column type=\u00a0\u00bb1_2&Prime; _builder_version=\u00a0\u00bb4.16&Prime; global_colors_info=\u00a0\u00bb{}\u00a0\u00bb][et_pb_blurb url=\u00a0\u00bbhttps:\/\/www.dalyplastics.nl\/wp-content\/uploads\/2024\/01\/Daly-Plastics-Purchase-Conditions.pdf\u00a0\u00bb image=\u00a0\u00bbhttps:\/\/www.dalyplastics.nl\/wp-content\/uploads\/2020\/02\/doc-icon.png\u00a0\u00bb _builder_version=\u00a0\u00bb4.16&Prime; header_text_align=\u00a0\u00bbcenter\u00a0\u00bb link_option_url=\u00a0\u00bbhttps:\/\/www.dalyplastics.nl\/wp-content\/uploads\/2024\/01\/Daly-Plastics-Purchase-Conditions.pdf\u00a0\u00bb global_colors_info=\u00a0\u00bb{}\u00a0\u00bb]<\/p>\n<p style=\"text-align: center;\"><span class=\"HwtZe\" lang=\"fr\"><span class=\"jCAhz ChMk0b\"><span class=\"ryNqvb\">T\u00e9l\u00e9chargez le v\u00f4tre ici<\/span><\/span> <\/span><br \/><span class=\"HwtZe\" lang=\"fr\"><span class=\"jCAhz ChMk0b\"><span class=\"ryNqvb\">Conditions d&rsquo;achat en anglais<\/span><\/span>\u00a0<\/span><\/p>\n<p>[\/et_pb_blurb][\/et_pb_column][\/et_pb_row][et_pb_row _builder_version=\u00a0\u00bb4.16&Prime; custom_padding=\u00a0\u00bb78px|||||\u00a0\u00bb global_colors_info=\u00a0\u00bb{}\u00a0\u00bb][et_pb_column type=\u00a0\u00bb4_4&Prime; _builder_version=\u00a0\u00bb4.16&Prime; global_colors_info=\u00a0\u00bb{}\u00a0\u00bb][et_pb_text _builder_version=\u00a0\u00bb4.16&Prime; global_colors_info=\u00a0\u00bb{}\u00a0\u00bb]<\/p>\n<h3>Avis de non-responsabilit\u00e9 du site Web de Daly Plastics BV<\/h3>\n<p>1. Dans cette clause de non-responsabilit\u00e9, les d\u00e9finitions suivantes s&rsquo;appliquent :<br \/>* le propri\u00e9taire : le propri\u00e9taire du site Internet ;<br \/>* utilisation(s) : toutes les actions imaginables ;<br \/>* vous : l&rsquo;utilisateur (visiteur) du site Internet ;<br \/>* le contenu : tout le contenu pr\u00e9sent sur le site Internet ;<\/p>\n<p>2. Ce qui suit s&rsquo;applique \u00e0 la page que vous consultez actuellement. En utilisant la page, vous acceptez cette clause de non-responsabilit\u00e9.<\/p>\n<p>3. Le contenu a \u00e9t\u00e9 \u00e9labor\u00e9 par le propri\u00e9taire avec le plus grand soin, mais le propri\u00e9taire d\u00e9cline toute responsabilit\u00e9 pour d&rsquo;\u00e9ventuelles inexactitudes dans le contenu affich\u00e9.<\/p>\n<p>4. Le propri\u00e9taire n&rsquo;est pas responsable du contenu affich\u00e9 sur les fichiers li\u00e9s \u00e0 ce site Web.<\/p>\n<p>5. L&rsquo;utilisation non autoris\u00e9e ou inappropri\u00e9e du contenu ou de parties de celui-ci enfreint les droits intellectuels<\/p>\n<p>6. L&rsquo;autorisation d&rsquo;utiliser le contenu affich\u00e9 ou des parties de celui-ci dans d&rsquo;autres lieux accessibles au public doit \u00eatre demand\u00e9e par \u00e9crit. Vous ne pouvez utiliser aucun contenu ou partie de ce site Web sans cette autorisation \u00e9crite.<\/p>\n<p>2024 | Daly Plastics BV tous droits r\u00e9serv\u00e9s.<\/p>\n<p>[\/et_pb_text][\/et_pb_column][\/et_pb_row][\/et_pb_section][et_pb_section fb_built=\u00a0\u00bb1&Prime; _builder_version=\u00a0\u00bb4.23.1&Prime; background_color=\u00a0\u00bbgcid-f8169307-4f6d-46ab-b107-3642f316d5f5&Prime; custom_padding=\u00a0\u00bb34px||14px|||\u00a0\u00bb saved_tabs=\u00a0\u00bball\u00a0\u00bb global_colors_info=\u00a0\u00bb{%22gcid-f8169307-4f6d-46ab-b107-3642f316d5f5%22:%91%22background_color%22%93}\u00a0\u00bb global_module=\u00a0\u00bb9655&Prime; theme_builder_area=\u00a0\u00bbpost_content\u00a0\u00bb][et_pb_row column_structure=\u00a0\u00bb1_3,1_3,1_3&Prime; _builder_version=\u00a0\u00bb4.16&Prime; global_colors_info=\u00a0\u00bb{}\u00a0\u00bb theme_builder_area=\u00a0\u00bbpost_content\u00a0\u00bb][et_pb_column type=\u00a0\u00bb1_3&Prime; _builder_version=\u00a0\u00bb4.16&Prime; global_colors_info=\u00a0\u00bb{}\u00a0\u00bb theme_builder_area=\u00a0\u00bbpost_content\u00a0\u00bb][et_pb_text _builder_version=\u00a0\u00bb4.23.4&Prime; text_font=\u00a0\u00bbUnderground Medium||||||||\u00a0\u00bb text_text_color=\u00a0\u00bb#FFFFFF\u00a0\u00bb text_font_size=\u00a0\u00bb20px\u00a0\u00bb global_colors_info=\u00a0\u00bb{}\u00a0\u00bb theme_builder_area=\u00a0\u00bbpost_content\u00a0\u00bb]<\/p>\n<ul>\n<li><a href=\"http:\/\/dalyplastics.nl\/fr\/certificering\/\"><strong>Labellisation<\/strong><\/a><\/li>\n<li><a href=\"http:\/\/dalyplastics.nl\/fr\/vacatures\"><strong>Jobs<\/strong><\/a><\/li>\n<li><a href=\"http:\/\/dalyplastics.nl\/fr\/leveringsvoorwaarden\/\"><strong>Conditions de Livraison<\/strong><\/a><\/li>\n<li><a href=\"http:\/\/dalyplastics.nl\/privacy\/\"><strong>Privacy<\/strong><\/a><\/li>\n<\/ul>\n<p>[\/et_pb_text][\/et_pb_column][et_pb_column type=\u00a0\u00bb1_3&Prime; _builder_version=\u00a0\u00bb4.16&Prime; global_colors_info=\u00a0\u00bb{}\u00a0\u00bb theme_builder_area=\u00a0\u00bbpost_content\u00a0\u00bb][et_pb_text _builder_version=\u00a0\u00bb4.23.4&Prime; text_font=\u00a0\u00bbUnderground Medium||||||||\u00a0\u00bb text_text_color=\u00a0\u00bb#FFFFFF\u00a0\u00bb text_font_size=\u00a0\u00bb20px\u00a0\u00bb global_colors_info=\u00a0\u00bb{}\u00a0\u00bb theme_builder_area=\u00a0\u00bbpost_content\u00a0\u00bb]<\/p>\n<p><strong>Repeats NE<\/strong><br \/>Industrieweg 101a<br \/>7202CA Zutphen<br \/>Les Pays Bas<br \/>Phone +31 (0)575 568 310<br \/><a href=\"mailto:info@repeats-group.nl\"><em><strong>info@repeats-group.nl<\/strong><\/em><\/a><\/p>\n<p>[\/et_pb_text][\/et_pb_column][et_pb_column type=\u00a0\u00bb1_3&Prime; _builder_version=\u00a0\u00bb4.16&Prime; global_colors_info=\u00a0\u00bb{}\u00a0\u00bb theme_builder_area=\u00a0\u00bbpost_content\u00a0\u00bb][et_pb_image src=\u00a0\u00bbhttps:\/\/www.dalyplastics.nl\/wp-content\/uploads\/2023\/12\/Repeats-logo-diap.png\u00a0\u00bb title_text=\u00a0\u00bbRepeats-logo-diap\u00a0\u00bb _builder_version=\u00a0\u00bb4.23.1&Prime; global_colors_info=\u00a0\u00bb{}\u00a0\u00bb theme_builder_area=\u00a0\u00bbpost_content\u00a0\u00bb][\/et_pb_image][et_pb_text _builder_version=\u00a0\u00bb4.23.4&Prime; _module_preset=\u00a0\u00bbdefault\u00a0\u00bb text_font_size=\u00a0\u00bb14px\u00a0\u00bb text_line_height=\u00a0\u00bb1.6em\u00a0\u00bb global_colors_info=\u00a0\u00bb{}\u00a0\u00bb theme_builder_area=\u00a0\u00bbpost_content\u00a0\u00bb]<\/p>\n<p style=\"text-align: center;\"><span style=\"color: #ffffff;\"><strong>Daly Plastics s&rsquo;appelle d\u00e9sormais Repeats NE<\/strong><\/span><br \/><span style=\"color: #ffffff;\"><strong>et fait partie du groupe Repeats.<\/strong><\/span><\/p>\n<p>[\/et_pb_text][et_pb_image src=\u00a0\u00bbhttps:\/\/www.dalyplastics.nl\/wp-content\/uploads\/2023\/12\/TUV-diap.png\u00a0\u00bb title_text=\u00a0\u00bbTUV-diap\u00a0\u00bb _builder_version=\u00a0\u00bb4.23.1&Prime; global_colors_info=\u00a0\u00bb{}\u00a0\u00bb theme_builder_area=\u00a0\u00bbpost_content\u00a0\u00bb][\/et_pb_image][\/et_pb_column][\/et_pb_row][et_pb_row column_structure=\u00a0\u00bb3_5,1_5,1_5&Prime; _builder_version=\u00a0\u00bb4.16&Prime; global_colors_info=\u00a0\u00bb{}\u00a0\u00bb theme_builder_area=\u00a0\u00bbpost_content\u00a0\u00bb][et_pb_column type=\u00a0\u00bb3_5&Prime; _builder_version=\u00a0\u00bb4.16&Prime; global_colors_info=\u00a0\u00bb{}\u00a0\u00bb theme_builder_area=\u00a0\u00bbpost_content\u00a0\u00bb][et_pb_text _builder_version=\u00a0\u00bb4.23.4&Prime; _module_preset=\u00a0\u00bbdefault\u00a0\u00bb text_font=\u00a0\u00bbUnderground Medium||||||||\u00a0\u00bb text_text_color=\u00a0\u00bb#FFFFFF\u00a0\u00bb global_colors_info=\u00a0\u00bb{}\u00a0\u00bb theme_builder_area=\u00a0\u00bbpost_content\u00a0\u00bb]<\/p>\n<p>\u00a9 Repeats-group 2024\u00a0 |\u00a0 All rights reserved<\/p>\n<p>[\/et_pb_text][\/et_pb_column][et_pb_column type=\u00a0\u00bb1_5&Prime; _builder_version=\u00a0\u00bb4.16&Prime; global_colors_info=\u00a0\u00bb{}\u00a0\u00bb theme_builder_area=\u00a0\u00bbpost_content\u00a0\u00bb][\/et_pb_column][et_pb_column type=\u00a0\u00bb1_5&Prime; _builder_version=\u00a0\u00bb4.16&Prime; global_colors_info=\u00a0\u00bb{}\u00a0\u00bb theme_builder_area=\u00a0\u00bbpost_content\u00a0\u00bb][et_pb_social_media_follow follow_button=\u00a0\u00bbon\u00a0\u00bb icon_color=\u00a0\u00bb#FFFFFF\u00a0\u00bb _builder_version=\u00a0\u00bb4.23.4&Prime; _module_preset=\u00a0\u00bbdefault\u00a0\u00bb custom_button=\u00a0\u00bbon\u00a0\u00bb button_bg_color=\u00a0\u00bb#FFFFFF\u00a0\u00bb global_colors_info=\u00a0\u00bb{}\u00a0\u00bb theme_builder_area=\u00a0\u00bbpost_content\u00a0\u00bb][et_pb_social_media_follow_network social_network=\u00a0\u00bblinkedin\u00a0\u00bb url=\u00a0\u00bbhttps:\/\/www.linkedin.com\/company\/repeats-group\/\u00a0\u00bb _builder_version=\u00a0\u00bb4.23.4&Prime; _module_preset=\u00a0\u00bbdefault\u00a0\u00bb background_color=\u00a0\u00bb#007bb6&Prime; global_colors_info=\u00a0\u00bb{}\u00a0\u00bb theme_builder_area=\u00a0\u00bbpost_content\u00a0\u00bb follow_button=\u00a0\u00bbon\u00a0\u00bb url_new_window=\u00a0\u00bbon\u00a0\u00bb]linkedin[\/et_pb_social_media_follow_network][\/et_pb_social_media_follow][\/et_pb_column][\/et_pb_row][\/et_pb_section]<\/p>\n","protected":false},"excerpt":{"rendered":"<p>Conditions de LivraisonLes conditions g\u00e9n\u00e9rales de la F\u00e9d\u00e9ration NRK s&rsquo;appliquent \u00e0 tous nos contrats, qui ont \u00e9t\u00e9 d\u00e9pos\u00e9s aupr\u00e8s de la Chambre de Commerce de La Haye le 22-02-2005 sous le num\u00e9ro 40407614.T\u00e9l\u00e9chargez le v\u00f4tre ici Conditions de livraison en anglaisT\u00e9l\u00e9chargez le v\u00f4tre ici Conditions d&rsquo;achat en anglais\u00a0Avis de non-responsabilit\u00e9 du site Web de Daly [&hellip;]<\/p>\n","protected":false},"author":1,"featured_media":0,"parent":0,"menu_order":0,"comment_status":"closed","ping_status":"closed","template":"","meta":{"_et_pb_use_builder":"on","_et_pb_old_content":"","_et_gb_content_width":"","footnotes":""},"class_list":["post-9344","page","type-page","status-publish","hentry"],"yoast_head":"<!-- This site is optimized with the Yoast SEO plugin v27.4 - https:\/\/yoast.com\/product\/yoast-seo-wordpress\/ -->\n<title>Conditions de Livraison - Repeats Group<\/title>\n<meta name=\"robots\" content=\"index, follow, max-snippet:-1, max-image-preview:large, max-video-preview:-1\" \/>\n<link rel=\"canonical\" href=\"https:\/\/www.dalyplastics.nl\/fr\/leveringsvoorwaarden\/\" \/>\n<meta property=\"og:locale\" content=\"fr_FR\" \/>\n<meta property=\"og:type\" content=\"article\" \/>\n<meta property=\"og:title\" content=\"Conditions de Livraison - Repeats Group\" \/>\n<meta property=\"og:description\" content=\"Conditions de LivraisonLes conditions g\u00e9n\u00e9rales de la F\u00e9d\u00e9ration NRK s&#039;appliquent \u00e0 tous nos contrats, qui ont \u00e9t\u00e9 d\u00e9pos\u00e9s aupr\u00e8s de la Chambre de Commerce de La Haye le 22-02-2005 sous le num\u00e9ro 40407614.T\u00e9l\u00e9chargez le v\u00f4tre ici Conditions de livraison en anglaisT\u00e9l\u00e9chargez le v\u00f4tre ici Conditions d&#039;achat en anglais\u00a0Avis de non-responsabilit\u00e9 du site Web de Daly [&hellip;]\" \/>\n<meta property=\"og:url\" content=\"https:\/\/www.dalyplastics.nl\/fr\/leveringsvoorwaarden\/\" \/>\n<meta property=\"og:site_name\" content=\"Repeats Group\" \/>\n<meta property=\"article:modified_time\" content=\"2024-01-31T16:07:03+00:00\" \/>\n<meta name=\"twitter:card\" content=\"summary_large_image\" \/>\n<meta name=\"twitter:label1\" content=\"Dur\u00e9e de lecture estim\u00e9e\" \/>\n\t<meta name=\"twitter:data1\" content=\"3 minutes\" \/>\n<script type=\"application\/ld+json\" class=\"yoast-schema-graph\">{\"@context\":\"https:\\\/\\\/schema.org\",\"@graph\":[{\"@type\":\"WebPage\",\"@id\":\"https:\\\/\\\/www.dalyplastics.nl\\\/fr\\\/leveringsvoorwaarden\\\/\",\"url\":\"https:\\\/\\\/www.dalyplastics.nl\\\/fr\\\/leveringsvoorwaarden\\\/\",\"name\":\"Conditions de Livraison - Repeats Group\",\"isPartOf\":{\"@id\":\"https:\\\/\\\/www.dalyplastics.nl\\\/#website\"},\"datePublished\":\"2020-02-12T14:35:52+00:00\",\"dateModified\":\"2024-01-31T16:07:03+00:00\",\"breadcrumb\":{\"@id\":\"https:\\\/\\\/www.dalyplastics.nl\\\/fr\\\/leveringsvoorwaarden\\\/#breadcrumb\"},\"inLanguage\":\"fr-FR\",\"potentialAction\":[{\"@type\":\"ReadAction\",\"target\":[\"https:\\\/\\\/www.dalyplastics.nl\\\/fr\\\/leveringsvoorwaarden\\\/\"]}]},{\"@type\":\"BreadcrumbList\",\"@id\":\"https:\\\/\\\/www.dalyplastics.nl\\\/fr\\\/leveringsvoorwaarden\\\/#breadcrumb\",\"itemListElement\":[{\"@type\":\"ListItem\",\"position\":1,\"name\":\"Home\",\"item\":\"https:\\\/\\\/www.dalyplastics.nl\\\/fr\\\/\"},{\"@type\":\"ListItem\",\"position\":2,\"name\":\"Conditions de Livraison\"}]},{\"@type\":\"WebSite\",\"@id\":\"https:\\\/\\\/www.dalyplastics.nl\\\/#website\",\"url\":\"https:\\\/\\\/www.dalyplastics.nl\\\/\",\"name\":\"Repeats Group\",\"description\":\"Recycling PE at Scale\",\"publisher\":{\"@id\":\"https:\\\/\\\/www.dalyplastics.nl\\\/#organization\"},\"potentialAction\":[{\"@type\":\"SearchAction\",\"target\":{\"@type\":\"EntryPoint\",\"urlTemplate\":\"https:\\\/\\\/www.dalyplastics.nl\\\/?s={search_term_string}\"},\"query-input\":{\"@type\":\"PropertyValueSpecification\",\"valueRequired\":true,\"valueName\":\"search_term_string\"}}],\"inLanguage\":\"fr-FR\"},{\"@type\":\"Organization\",\"@id\":\"https:\\\/\\\/www.dalyplastics.nl\\\/#organization\",\"name\":\"Daly Plastics\",\"url\":\"https:\\\/\\\/www.dalyplastics.nl\\\/\",\"logo\":{\"@type\":\"ImageObject\",\"inLanguage\":\"fr-FR\",\"@id\":\"https:\\\/\\\/www.dalyplastics.nl\\\/#\\\/schema\\\/logo\\\/image\\\/\",\"url\":\"http:\\\/\\\/dalyplastics.nl\\\/wp-content\\\/uploads\\\/2020\\\/01\\\/Daly_logo.jpg\",\"contentUrl\":\"http:\\\/\\\/dalyplastics.nl\\\/wp-content\\\/uploads\\\/2020\\\/01\\\/Daly_logo.jpg\",\"width\":800,\"height\":303,\"caption\":\"Daly Plastics\"},\"image\":{\"@id\":\"https:\\\/\\\/www.dalyplastics.nl\\\/#\\\/schema\\\/logo\\\/image\\\/\"}}]}<\/script>\n<!-- \/ Yoast SEO plugin. -->","yoast_head_json":{"title":"Conditions de Livraison - Repeats Group","robots":{"index":"index","follow":"follow","max-snippet":"max-snippet:-1","max-image-preview":"max-image-preview:large","max-video-preview":"max-video-preview:-1"},"canonical":"https:\/\/www.dalyplastics.nl\/fr\/leveringsvoorwaarden\/","og_locale":"fr_FR","og_type":"article","og_title":"Conditions de Livraison - Repeats Group","og_description":"Conditions de LivraisonLes conditions g\u00e9n\u00e9rales de la F\u00e9d\u00e9ration NRK s'appliquent \u00e0 tous nos contrats, qui ont \u00e9t\u00e9 d\u00e9pos\u00e9s aupr\u00e8s de la Chambre de Commerce de La Haye le 22-02-2005 sous le num\u00e9ro 40407614.T\u00e9l\u00e9chargez le v\u00f4tre ici Conditions de livraison en anglaisT\u00e9l\u00e9chargez le v\u00f4tre ici Conditions d'achat en anglais\u00a0Avis de non-responsabilit\u00e9 du site Web de Daly [&hellip;]","og_url":"https:\/\/www.dalyplastics.nl\/fr\/leveringsvoorwaarden\/","og_site_name":"Repeats Group","article_modified_time":"2024-01-31T16:07:03+00:00","twitter_card":"summary_large_image","twitter_misc":{"Dur\u00e9e de lecture estim\u00e9e":"3 minutes"},"schema":{"@context":"https:\/\/schema.org","@graph":[{"@type":"WebPage","@id":"https:\/\/www.dalyplastics.nl\/fr\/leveringsvoorwaarden\/","url":"https:\/\/www.dalyplastics.nl\/fr\/leveringsvoorwaarden\/","name":"Conditions de Livraison - Repeats Group","isPartOf":{"@id":"https:\/\/www.dalyplastics.nl\/#website"},"datePublished":"2020-02-12T14:35:52+00:00","dateModified":"2024-01-31T16:07:03+00:00","breadcrumb":{"@id":"https:\/\/www.dalyplastics.nl\/fr\/leveringsvoorwaarden\/#breadcrumb"},"inLanguage":"fr-FR","potentialAction":[{"@type":"ReadAction","target":["https:\/\/www.dalyplastics.nl\/fr\/leveringsvoorwaarden\/"]}]},{"@type":"BreadcrumbList","@id":"https:\/\/www.dalyplastics.nl\/fr\/leveringsvoorwaarden\/#breadcrumb","itemListElement":[{"@type":"ListItem","position":1,"name":"Home","item":"https:\/\/www.dalyplastics.nl\/fr\/"},{"@type":"ListItem","position":2,"name":"Conditions de Livraison"}]},{"@type":"WebSite","@id":"https:\/\/www.dalyplastics.nl\/#website","url":"https:\/\/www.dalyplastics.nl\/","name":"Repeats Group","description":"Recycling PE at Scale","publisher":{"@id":"https:\/\/www.dalyplastics.nl\/#organization"},"potentialAction":[{"@type":"SearchAction","target":{"@type":"EntryPoint","urlTemplate":"https:\/\/www.dalyplastics.nl\/?s={search_term_string}"},"query-input":{"@type":"PropertyValueSpecification","valueRequired":true,"valueName":"search_term_string"}}],"inLanguage":"fr-FR"},{"@type":"Organization","@id":"https:\/\/www.dalyplastics.nl\/#organization","name":"Daly Plastics","url":"https:\/\/www.dalyplastics.nl\/","logo":{"@type":"ImageObject","inLanguage":"fr-FR","@id":"https:\/\/www.dalyplastics.nl\/#\/schema\/logo\/image\/","url":"http:\/\/dalyplastics.nl\/wp-content\/uploads\/2020\/01\/Daly_logo.jpg","contentUrl":"http:\/\/dalyplastics.nl\/wp-content\/uploads\/2020\/01\/Daly_logo.jpg","width":800,"height":303,"caption":"Daly Plastics"},"image":{"@id":"https:\/\/www.dalyplastics.nl\/#\/schema\/logo\/image\/"}}]}},"_links":{"self":[{"href":"https:\/\/www.dalyplastics.nl\/fr\/wp-json\/wp\/v2\/pages\/9344","targetHints":{"allow":["GET"]}}],"collection":[{"href":"https:\/\/www.dalyplastics.nl\/fr\/wp-json\/wp\/v2\/pages"}],"about":[{"href":"https:\/\/www.dalyplastics.nl\/fr\/wp-json\/wp\/v2\/types\/page"}],"author":[{"embeddable":true,"href":"https:\/\/www.dalyplastics.nl\/fr\/wp-json\/wp\/v2\/users\/1"}],"replies":[{"embeddable":true,"href":"https:\/\/www.dalyplastics.nl\/fr\/wp-json\/wp\/v2\/comments?post=9344"}],"version-history":[{"count":10,"href":"https:\/\/www.dalyplastics.nl\/fr\/wp-json\/wp\/v2\/pages\/9344\/revisions"}],"predecessor-version":[{"id":11743,"href":"https:\/\/www.dalyplastics.nl\/fr\/wp-json\/wp\/v2\/pages\/9344\/revisions\/11743"}],"wp:attachment":[{"href":"https:\/\/www.dalyplastics.nl\/fr\/wp-json\/wp\/v2\/media?parent=9344"}],"curies":[{"name":"wp","href":"https:\/\/api.w.org\/{rel}","templated":true}]}}