{"id":9338,"date":"2020-03-20T12:35:01","date_gmt":"2020-03-20T11:35:01","guid":{"rendered":"http:\/\/dalyplastics.nl\/landbouwfolierecycling\/"},"modified":"2024-01-18T10:14:57","modified_gmt":"2024-01-18T09:14:57","slug":"landbouwfolierecycling","status":"publish","type":"page","link":"https:\/\/www.dalyplastics.nl\/fr\/landbouwfolierecycling\/","title":{"rendered":"Recyclage de films agricoles"},"content":{"rendered":"<p>[et_pb_section fb_built=\u00a0\u00bb1&Prime; _builder_version=\u00a0\u00bb4.16&Prime; background_image=\u00a0\u00bbhttps:\/\/www.dalyplastics.nl\/wp-content\/uploads\/2020\/03\/landbouwfolie-strook.png\u00a0\u00bb min_height=\u00a0\u00bb262px\u00a0\u00bb custom_margin=\u00a0\u00bb||||false|false\u00a0\u00bb custom_padding=\u00a0\u00bb||||false|false\u00a0\u00bb global_colors_info=\u00a0\u00bb{}\u00a0\u00bb][\/et_pb_section][et_pb_section fb_built=\u00a0\u00bb1&Prime; _builder_version=\u00a0\u00bb4.16&Prime; global_colors_info=\u00a0\u00bb{}\u00a0\u00bb][et_pb_row _builder_version=\u00a0\u00bb4.16&Prime; global_colors_info=\u00a0\u00bb{}\u00a0\u00bb][et_pb_column type=\u00a0\u00bb4_4&Prime; _builder_version=\u00a0\u00bb4.16&Prime; global_colors_info=\u00a0\u00bb{}\u00a0\u00bb][et_pb_text _builder_version=\u00a0\u00bb4.23.1&Prime; header_font=\u00a0\u00bbGood times||||||||\u00a0\u00bb header_text_color=\u00a0\u00bbgcid-c11d3dfc-a14c-42d0-bc7a-f9a9414c496a\u00a0\u00bb global_colors_info=\u00a0\u00bb{%22gcid-c11d3dfc-a14c-42d0-bc7a-f9a9414c496a%22:%91%22header_text_color%22%93}\u00a0\u00bb]<\/p>\n<h1>Recyclage de films agricoles<\/h1>\n<p>[\/et_pb_text][\/et_pb_column][\/et_pb_row][et_pb_row _builder_version=\u00a0\u00bb4.16&Prime; global_colors_info=\u00a0\u00bb{}\u00a0\u00bb][et_pb_column type=\u00a0\u00bb4_4&Prime; _builder_version=\u00a0\u00bb4.16&Prime; global_colors_info=\u00a0\u00bb{}\u00a0\u00bb][et_pb_text _builder_version=\u00a0\u00bb4.23.4&Prime; text_font=\u00a0\u00bbUnderground Medium||||||||\u00a0\u00bb text_text_color=\u00a0\u00bbgcid-f8169307-4f6d-46ab-b107-3642f316d5f5&Prime; text_font_size=\u00a0\u00bb20px\u00a0\u00bb header_3_font=\u00a0\u00bbUnderground heavy||||||||\u00a0\u00bb header_3_text_color=\u00a0\u00bbgcid-f8169307-4f6d-46ab-b107-3642f316d5f5&Prime; hover_enabled=\u00a0\u00bb0&Prime; global_colors_info=\u00a0\u00bb{%22gcid-f8169307-4f6d-46ab-b107-3642f316d5f5%22:%91%22header_3_text_color%22,%22text_text_color%22%93}\u00a0\u00bb sticky_enabled=\u00a0\u00bb0&Prime;]<\/p>\n<h3><span class=\"tlid-translation translation\" lang=\"fr\"><span class=\"\" title=\"\">Faites ramasser votre film plastique agricole \u00e0 peu de frais en 3 \u00e9tapes simples.<\/span><\/span><\/h3>\n<p><span class=\"tlid-translation translation\" lang=\"fr\"><span title=\"\"><strong>1.<\/strong> Via la boutique en ligne Repeats NE, vous pouvez soumettre une demande 24 heures par jour pour que votre film d&#8217;emballage national soit collect\u00e9.<\/span><\/span> <span class=\"\" title=\"\"><strong>2.<\/strong> D\u00e8s que nous aurons re\u00e7u votre demande, le planificateur commencera \u00e0 planifier l&rsquo;heure de la collecte.<\/span> <span class=\"\" title=\"\"><strong>3.<\/strong> Lorsque le conducteur r\u00e9cup\u00e8re le film agricole aupr\u00e8s de vous, le syst\u00e8me de pesage dans le camion enregistre le poids de la quantit\u00e9 totale de plastique agricole que nous avons charg\u00e9 de vous.<\/span><\/p>\n<p><em>Malheureusement, nous ne pouvons proposer ce service qu&rsquo;aux Pays-Bas et en Flandre.<\/em><\/p>\n<p>[\/et_pb_text][\/et_pb_column][\/et_pb_row][et_pb_row _builder_version=\u00a0\u00bb4.16&Prime; global_colors_info=\u00a0\u00bb{}\u00a0\u00bb][et_pb_column type=\u00a0\u00bb4_4&Prime; _builder_version=\u00a0\u00bb4.16&Prime; global_colors_info=\u00a0\u00bb{}\u00a0\u00bb][et_pb_button button_url=\u00a0\u00bbhttps:\/\/www.landbouwfolierecycling.nl\/\u00a0\u00bb url_new_window=\u00a0\u00bbon\u00a0\u00bb button_text=\u00a0\u00bbCliquez ici pour acc\u00e9der \u00e0 la boutique en ligne\u00a0\u00bb button_alignment=\u00a0\u00bbcenter\u00a0\u00bb _builder_version=\u00a0\u00bb4.23.1&Prime; _module_preset=\u00a0\u00bbdefault\u00a0\u00bb custom_button=\u00a0\u00bbon\u00a0\u00bb button_bg_color=\u00a0\u00bbgcid-0aa8722d-c0bd-4667-938a-42b481fe877d\u00a0\u00bb button_border_color=\u00a0\u00bbRGBA(0,0,0,0)\u00a0\u00bb button_border_radius=\u00a0\u00bb32px\u00a0\u00bb button_font=\u00a0\u00bbUnderground Medium||||||||\u00a0\u00bb button_use_icon=\u00a0\u00bboff\u00a0\u00bb background_layout=\u00a0\u00bbdark\u00a0\u00bb custom_margin=\u00a0\u00bb30px||||false|false\u00a0\u00bb box_shadow_style=\u00a0\u00bbpreset3&Prime; box_shadow_blur=\u00a0\u00bb8px\u00a0\u00bb global_colors_info=\u00a0\u00bb{%22gcid-0aa8722d-c0bd-4667-938a-42b481fe877d%22:%91%22button_bg_color%22%93}\u00a0\u00bb][\/et_pb_button][\/et_pb_column][\/et_pb_row][\/et_pb_section][et_pb_section fb_built=\u00a0\u00bb1&Prime; _builder_version=\u00a0\u00bb4.23.4&Prime; background_color=\u00a0\u00bbgcid-f8169307-4f6d-46ab-b107-3642f316d5f5&Prime; custom_padding=\u00a0\u00bb34px||14px|||\u00a0\u00bb global_module=\u00a0\u00bb8939&Prime; saved_tabs=\u00a0\u00bball\u00a0\u00bb global_colors_info=\u00a0\u00bb{%22gcid-f8169307-4f6d-46ab-b107-3642f316d5f5%22:%91%22background_color%22%93}\u00a0\u00bb][et_pb_row column_structure=\u00a0\u00bb1_3,1_3,1_3&Prime; _builder_version=\u00a0\u00bb4.23.1&Prime; global_colors_info=\u00a0\u00bb{}\u00a0\u00bb][et_pb_column type=\u00a0\u00bb1_3&Prime; _builder_version=\u00a0\u00bb4.16&Prime; global_colors_info=\u00a0\u00bb{}\u00a0\u00bb][et_pb_text _builder_version=\u00a0\u00bb4.23.4&Prime; text_font=\u00a0\u00bbUnderground Medium||||||||\u00a0\u00bb text_text_color=\u00a0\u00bb#FFFFFF\u00a0\u00bb text_font_size=\u00a0\u00bb20px\u00a0\u00bb global_colors_info=\u00a0\u00bb{}\u00a0\u00bb]<\/p>\n<ul>\n<li><a href=\"http:\/\/dalyplastics.nl\/certificering\/\"><strong>Labellisation<\/strong><\/a><\/li>\n<li><a href=\"http:\/\/dalyplastics.nl\/vacatures\"><strong>Jobs<\/strong><\/a><\/li>\n<li><a href=\"http:\/\/dalyplastics.nl\/leveringsvoorwaarden\/\"><strong>Conditions de Livraison<\/strong><\/a><\/li>\n<li><a href=\"http:\/\/dalyplastics.nl\/privacy\/\"><strong>Privacy<\/strong><\/a><\/li>\n<\/ul>\n<p>[\/et_pb_text][\/et_pb_column][et_pb_column type=\u00a0\u00bb1_3&Prime; _builder_version=\u00a0\u00bb4.16&Prime; global_colors_info=\u00a0\u00bb{}\u00a0\u00bb][et_pb_text _builder_version=\u00a0\u00bb4.23.4&Prime; text_font=\u00a0\u00bbUnderground Medium||||||||\u00a0\u00bb text_text_color=\u00a0\u00bb#FFFFFF\u00a0\u00bb text_font_size=\u00a0\u00bb20px\u00a0\u00bb global_colors_info=\u00a0\u00bb{}\u00a0\u00bb]<\/p>\n<p><strong>Repeats NE<\/strong><br \/>Industrieweg 101a<br \/>7202CA Zutphen<br \/>Nederland<br \/>Tel.+31 (0)575 568 310<br \/><a href=\"mailto:info@repeats-group.nl\"><em><strong>info@repeats-group.nl<\/strong><\/em><\/a><\/p>\n<p>[\/et_pb_text][\/et_pb_column][et_pb_column type=\u00a0\u00bb1_3&Prime; _builder_version=\u00a0\u00bb4.16&Prime; global_colors_info=\u00a0\u00bb{}\u00a0\u00bb][et_pb_image src=\u00a0\u00bbhttps:\/\/www.dalyplastics.nl\/wp-content\/uploads\/2023\/12\/Repeats-logo-diap.png\u00a0\u00bb alt=\u00a0\u00bbRepeats Group\u00a0\u00bb title_text=\u00a0\u00bbRepeats-logo-diap\u00a0\u00bb align=\u00a0\u00bbcenter\u00a0\u00bb _builder_version=\u00a0\u00bb4.23.4&Prime; global_colors_info=\u00a0\u00bb{}\u00a0\u00bb][\/et_pb_image][et_pb_text _builder_version=\u00a0\u00bb4.23.4&Prime; _module_preset=\u00a0\u00bbdefault\u00a0\u00bb text_font_size=\u00a0\u00bb14px\u00a0\u00bb text_line_height=\u00a0\u00bb1.5em\u00a0\u00bb global_colors_info=\u00a0\u00bb{}\u00a0\u00bb]<\/p>\n<p style=\"text-align: center;\"><strong><span style=\"color: #ffffff;\">Daly Plastics s&rsquo;appelle d\u00e9sormais Repeats NE,<br \/>et fait partie du groupe Repeats.<\/span><\/strong><\/p>\n<p>[\/et_pb_text][et_pb_image src=\u00a0\u00bbhttps:\/\/www.dalyplastics.nl\/wp-content\/uploads\/2023\/12\/TUV-diap.png\u00a0\u00bb title_text=\u00a0\u00bbTUV-diap\u00a0\u00bb _builder_version=\u00a0\u00bb4.23.1&Prime; global_colors_info=\u00a0\u00bb{}\u00a0\u00bb][\/et_pb_image][\/et_pb_column][\/et_pb_row][et_pb_row column_structure=\u00a0\u00bb3_4,1_4&Prime; _builder_version=\u00a0\u00bb4.16&Prime; global_colors_info=\u00a0\u00bb{}\u00a0\u00bb][et_pb_column type=\u00a0\u00bb3_4&Prime; _builder_version=\u00a0\u00bb4.16&Prime; global_colors_info=\u00a0\u00bb{}\u00a0\u00bb][et_pb_text _builder_version=\u00a0\u00bb4.23.4&Prime; _module_preset=\u00a0\u00bbdefault\u00a0\u00bb text_font=\u00a0\u00bbUnderground Medium||||||||\u00a0\u00bb text_text_color=\u00a0\u00bb#FFFFFF\u00a0\u00bb global_colors_info=\u00a0\u00bb{}\u00a0\u00bb]<\/p>\n<p>\u00a9 Repeats Group 2024 | All rights reserved<\/p>\n<p>[\/et_pb_text][\/et_pb_column][et_pb_column type=\u00a0\u00bb1_4&Prime; _builder_version=\u00a0\u00bb4.16&Prime; global_colors_info=\u00a0\u00bb{}\u00a0\u00bb][et_pb_social_media_follow follow_button=\u00a0\u00bbon\u00a0\u00bb _builder_version=\u00a0\u00bb4.23.4&Prime; _module_preset=\u00a0\u00bbdefault\u00a0\u00bb text_orientation=\u00a0\u00bbcenter\u00a0\u00bb global_colors_info=\u00a0\u00bb{}\u00a0\u00bb][et_pb_social_media_follow_network social_network=\u00a0\u00bblinkedin\u00a0\u00bb url=\u00a0\u00bbhttps:\/\/www.linkedin.com\/company\/repeats-group\/\u00a0\u00bb _builder_version=\u00a0\u00bb4.23.4&Prime; _module_preset=\u00a0\u00bbdefault\u00a0\u00bb background_color=\u00a0\u00bb#007bb6&Prime; custom_button=\u00a0\u00bbon\u00a0\u00bb button_text_size=\u00a0\u00bb14px\u00a0\u00bb button_text_color=\u00a0\u00bb#000000&Prime; button_bg_color=\u00a0\u00bb#FFFFFF\u00a0\u00bb global_colors_info=\u00a0\u00bb{}\u00a0\u00bb follow_button=\u00a0\u00bbon\u00a0\u00bb url_new_window=\u00a0\u00bbon\u00a0\u00bb]linkedin[\/et_pb_social_media_follow_network][\/et_pb_social_media_follow][\/et_pb_column][\/et_pb_row][\/et_pb_section]<\/p>\n","protected":false},"excerpt":{"rendered":"<p>Recyclage de films agricolesFaites ramasser votre film plastique agricole \u00e0 peu de frais en 3 \u00e9tapes simples. 1. Via la boutique en ligne Repeats NE, vous pouvez soumettre une demande 24 heures par jour pour que votre film d&#8217;emballage national soit collect\u00e9. 2. D\u00e8s que nous aurons re\u00e7u votre demande, le planificateur commencera \u00e0 planifier [&hellip;]<\/p>\n","protected":false},"author":1,"featured_media":0,"parent":0,"menu_order":0,"comment_status":"closed","ping_status":"closed","template":"","meta":{"_et_pb_use_builder":"on","_et_pb_old_content":"","_et_gb_content_width":"","footnotes":""},"class_list":["post-9338","page","type-page","status-publish","hentry"],"yoast_head":"<!-- This site is optimized with the Yoast SEO plugin v27.4 - https:\/\/yoast.com\/product\/yoast-seo-wordpress\/ -->\n<title>Recyclage de films agricoles - Repeats Group<\/title>\n<meta name=\"description\" content=\"Recyclage de films agricoles par Repeats Group. Nous collecterons le film agricole utilis\u00e9 aupr\u00e8s de vous avec un camion enti\u00e8rement \u00e9quip\u00e9 avec grue de chargement. Vous pouvez soumettre et payer votre commande via le site Internet. Malheureusement, nous ne pouvons pas proposer ce service en France. D\u00e9sol\u00e9, ce service n&#039;est disponible qu&#039;aux Pays-Bas et en Flandre\" \/>\n<meta name=\"robots\" content=\"index, follow, max-snippet:-1, max-image-preview:large, max-video-preview:-1\" \/>\n<link rel=\"canonical\" href=\"https:\/\/www.dalyplastics.nl\/landbouwfolierecycling\/\" \/>\n<meta property=\"og:locale\" content=\"fr_FR\" \/>\n<meta property=\"og:type\" content=\"article\" \/>\n<meta property=\"og:title\" content=\"Recyclage de films agricoles - Repeats Group\" \/>\n<meta property=\"og:description\" content=\"Recyclage de films agricoles par Repeats Group. Nous collecterons le film agricole utilis\u00e9 aupr\u00e8s de vous avec un camion enti\u00e8rement \u00e9quip\u00e9 avec grue de chargement. Vous pouvez soumettre et payer votre commande via le site Internet. Malheureusement, nous ne pouvons pas proposer ce service en France. D\u00e9sol\u00e9, ce service n&#039;est disponible qu&#039;aux Pays-Bas et en Flandre\" \/>\n<meta property=\"og:url\" content=\"https:\/\/www.dalyplastics.nl\/landbouwfolierecycling\/\" \/>\n<meta property=\"og:site_name\" content=\"Repeats Group\" \/>\n<meta property=\"article:modified_time\" content=\"2024-01-18T09:14:57+00:00\" \/>\n<meta name=\"twitter:card\" content=\"summary_large_image\" \/>\n<meta name=\"twitter:label1\" content=\"Dur\u00e9e de lecture estim\u00e9e\" \/>\n\t<meta name=\"twitter:data1\" content=\"4 minutes\" \/>\n<script type=\"application\/ld+json\" class=\"yoast-schema-graph\">{\"@context\":\"https:\\\/\\\/schema.org\",\"@graph\":[{\"@type\":\"WebPage\",\"@id\":\"https:\\\/\\\/www.dalyplastics.nl\\\/landbouwfolierecycling\\\/\",\"url\":\"https:\\\/\\\/www.dalyplastics.nl\\\/landbouwfolierecycling\\\/\",\"name\":\"Recyclage de films agricoles - Repeats Group\",\"isPartOf\":{\"@id\":\"https:\\\/\\\/www.dalyplastics.nl\\\/#website\"},\"datePublished\":\"2020-03-20T11:35:01+00:00\",\"dateModified\":\"2024-01-18T09:14:57+00:00\",\"description\":\"Recyclage de films agricoles par Repeats Group. Nous collecterons le film agricole utilis\u00e9 aupr\u00e8s de vous avec un camion enti\u00e8rement \u00e9quip\u00e9 avec grue de chargement. Vous pouvez soumettre et payer votre commande via le site Internet. Malheureusement, nous ne pouvons pas proposer ce service en France. D\u00e9sol\u00e9, ce service n'est disponible qu'aux Pays-Bas et en Flandre\",\"breadcrumb\":{\"@id\":\"https:\\\/\\\/www.dalyplastics.nl\\\/landbouwfolierecycling\\\/#breadcrumb\"},\"inLanguage\":\"fr-FR\",\"potentialAction\":[{\"@type\":\"ReadAction\",\"target\":[\"https:\\\/\\\/www.dalyplastics.nl\\\/landbouwfolierecycling\\\/\"]}]},{\"@type\":\"BreadcrumbList\",\"@id\":\"https:\\\/\\\/www.dalyplastics.nl\\\/landbouwfolierecycling\\\/#breadcrumb\",\"itemListElement\":[{\"@type\":\"ListItem\",\"position\":1,\"name\":\"Home\",\"item\":\"https:\\\/\\\/www.dalyplastics.nl\\\/fr\\\/\"},{\"@type\":\"ListItem\",\"position\":2,\"name\":\"Recyclage de films agricoles\"}]},{\"@type\":\"WebSite\",\"@id\":\"https:\\\/\\\/www.dalyplastics.nl\\\/#website\",\"url\":\"https:\\\/\\\/www.dalyplastics.nl\\\/\",\"name\":\"Repeats Group\",\"description\":\"Recycling PE at Scale\",\"publisher\":{\"@id\":\"https:\\\/\\\/www.dalyplastics.nl\\\/#organization\"},\"potentialAction\":[{\"@type\":\"SearchAction\",\"target\":{\"@type\":\"EntryPoint\",\"urlTemplate\":\"https:\\\/\\\/www.dalyplastics.nl\\\/?s={search_term_string}\"},\"query-input\":{\"@type\":\"PropertyValueSpecification\",\"valueRequired\":true,\"valueName\":\"search_term_string\"}}],\"inLanguage\":\"fr-FR\"},{\"@type\":\"Organization\",\"@id\":\"https:\\\/\\\/www.dalyplastics.nl\\\/#organization\",\"name\":\"Daly Plastics\",\"url\":\"https:\\\/\\\/www.dalyplastics.nl\\\/\",\"logo\":{\"@type\":\"ImageObject\",\"inLanguage\":\"fr-FR\",\"@id\":\"https:\\\/\\\/www.dalyplastics.nl\\\/#\\\/schema\\\/logo\\\/image\\\/\",\"url\":\"http:\\\/\\\/dalyplastics.nl\\\/wp-content\\\/uploads\\\/2020\\\/01\\\/Daly_logo.jpg\",\"contentUrl\":\"http:\\\/\\\/dalyplastics.nl\\\/wp-content\\\/uploads\\\/2020\\\/01\\\/Daly_logo.jpg\",\"width\":800,\"height\":303,\"caption\":\"Daly Plastics\"},\"image\":{\"@id\":\"https:\\\/\\\/www.dalyplastics.nl\\\/#\\\/schema\\\/logo\\\/image\\\/\"}}]}<\/script>\n<!-- \/ Yoast SEO plugin. -->","yoast_head_json":{"title":"Recyclage de films agricoles - Repeats Group","description":"Recyclage de films agricoles par Repeats Group. Nous collecterons le film agricole utilis\u00e9 aupr\u00e8s de vous avec un camion enti\u00e8rement \u00e9quip\u00e9 avec grue de chargement. Vous pouvez soumettre et payer votre commande via le site Internet. Malheureusement, nous ne pouvons pas proposer ce service en France. D\u00e9sol\u00e9, ce service n'est disponible qu'aux Pays-Bas et en Flandre","robots":{"index":"index","follow":"follow","max-snippet":"max-snippet:-1","max-image-preview":"max-image-preview:large","max-video-preview":"max-video-preview:-1"},"canonical":"https:\/\/www.dalyplastics.nl\/landbouwfolierecycling\/","og_locale":"fr_FR","og_type":"article","og_title":"Recyclage de films agricoles - Repeats Group","og_description":"Recyclage de films agricoles par Repeats Group. Nous collecterons le film agricole utilis\u00e9 aupr\u00e8s de vous avec un camion enti\u00e8rement \u00e9quip\u00e9 avec grue de chargement. Vous pouvez soumettre et payer votre commande via le site Internet. Malheureusement, nous ne pouvons pas proposer ce service en France. D\u00e9sol\u00e9, ce service n'est disponible qu'aux Pays-Bas et en Flandre","og_url":"https:\/\/www.dalyplastics.nl\/landbouwfolierecycling\/","og_site_name":"Repeats Group","article_modified_time":"2024-01-18T09:14:57+00:00","twitter_card":"summary_large_image","twitter_misc":{"Dur\u00e9e de lecture estim\u00e9e":"4 minutes"},"schema":{"@context":"https:\/\/schema.org","@graph":[{"@type":"WebPage","@id":"https:\/\/www.dalyplastics.nl\/landbouwfolierecycling\/","url":"https:\/\/www.dalyplastics.nl\/landbouwfolierecycling\/","name":"Recyclage de films agricoles - Repeats Group","isPartOf":{"@id":"https:\/\/www.dalyplastics.nl\/#website"},"datePublished":"2020-03-20T11:35:01+00:00","dateModified":"2024-01-18T09:14:57+00:00","description":"Recyclage de films agricoles par Repeats Group. Nous collecterons le film agricole utilis\u00e9 aupr\u00e8s de vous avec un camion enti\u00e8rement \u00e9quip\u00e9 avec grue de chargement. Vous pouvez soumettre et payer votre commande via le site Internet. Malheureusement, nous ne pouvons pas proposer ce service en France. D\u00e9sol\u00e9, ce service n'est disponible qu'aux Pays-Bas et en Flandre","breadcrumb":{"@id":"https:\/\/www.dalyplastics.nl\/landbouwfolierecycling\/#breadcrumb"},"inLanguage":"fr-FR","potentialAction":[{"@type":"ReadAction","target":["https:\/\/www.dalyplastics.nl\/landbouwfolierecycling\/"]}]},{"@type":"BreadcrumbList","@id":"https:\/\/www.dalyplastics.nl\/landbouwfolierecycling\/#breadcrumb","itemListElement":[{"@type":"ListItem","position":1,"name":"Home","item":"https:\/\/www.dalyplastics.nl\/fr\/"},{"@type":"ListItem","position":2,"name":"Recyclage de films agricoles"}]},{"@type":"WebSite","@id":"https:\/\/www.dalyplastics.nl\/#website","url":"https:\/\/www.dalyplastics.nl\/","name":"Repeats Group","description":"Recycling PE at Scale","publisher":{"@id":"https:\/\/www.dalyplastics.nl\/#organization"},"potentialAction":[{"@type":"SearchAction","target":{"@type":"EntryPoint","urlTemplate":"https:\/\/www.dalyplastics.nl\/?s={search_term_string}"},"query-input":{"@type":"PropertyValueSpecification","valueRequired":true,"valueName":"search_term_string"}}],"inLanguage":"fr-FR"},{"@type":"Organization","@id":"https:\/\/www.dalyplastics.nl\/#organization","name":"Daly Plastics","url":"https:\/\/www.dalyplastics.nl\/","logo":{"@type":"ImageObject","inLanguage":"fr-FR","@id":"https:\/\/www.dalyplastics.nl\/#\/schema\/logo\/image\/","url":"http:\/\/dalyplastics.nl\/wp-content\/uploads\/2020\/01\/Daly_logo.jpg","contentUrl":"http:\/\/dalyplastics.nl\/wp-content\/uploads\/2020\/01\/Daly_logo.jpg","width":800,"height":303,"caption":"Daly Plastics"},"image":{"@id":"https:\/\/www.dalyplastics.nl\/#\/schema\/logo\/image\/"}}]}},"_links":{"self":[{"href":"https:\/\/www.dalyplastics.nl\/fr\/wp-json\/wp\/v2\/pages\/9338","targetHints":{"allow":["GET"]}}],"collection":[{"href":"https:\/\/www.dalyplastics.nl\/fr\/wp-json\/wp\/v2\/pages"}],"about":[{"href":"https:\/\/www.dalyplastics.nl\/fr\/wp-json\/wp\/v2\/types\/page"}],"author":[{"embeddable":true,"href":"https:\/\/www.dalyplastics.nl\/fr\/wp-json\/wp\/v2\/users\/1"}],"replies":[{"embeddable":true,"href":"https:\/\/www.dalyplastics.nl\/fr\/wp-json\/wp\/v2\/comments?post=9338"}],"version-history":[{"count":38,"href":"https:\/\/www.dalyplastics.nl\/fr\/wp-json\/wp\/v2\/pages\/9338\/revisions"}],"predecessor-version":[{"id":11675,"href":"https:\/\/www.dalyplastics.nl\/fr\/wp-json\/wp\/v2\/pages\/9338\/revisions\/11675"}],"wp:attachment":[{"href":"https:\/\/www.dalyplastics.nl\/fr\/wp-json\/wp\/v2\/media?parent=9338"}],"curies":[{"name":"wp","href":"https:\/\/api.w.org\/{rel}","templated":true}]}}