{"id":9339,"date":"2020-03-20T12:35:01","date_gmt":"2020-03-20T11:35:01","guid":{"rendered":"http:\/\/dalyplastics.nl\/landbouwfolierecycling\/"},"modified":"2024-01-18T10:15:16","modified_gmt":"2024-01-18T09:15:16","slug":"landbouwfolierecycling","status":"publish","type":"page","link":"https:\/\/www.dalyplastics.nl\/de\/landbouwfolierecycling\/","title":{"rendered":"Landwirtschaftliches Folienrecycling"},"content":{"rendered":"<p>[et_pb_section fb_built=&#8220;1&#8243; _builder_version=&#8220;4.16&#8243; background_image=&#8220;https:\/\/www.dalyplastics.nl\/wp-content\/uploads\/2020\/03\/landbouwfolie-strook.png&#8220; min_height=&#8220;262px&#8220; custom_margin=&#8220;||||false|false&#8220; custom_padding=&#8220;||||false|false&#8220; global_colors_info=&#8220;{}&#8220;][\/et_pb_section][et_pb_section fb_built=&#8220;1&#8243; _builder_version=&#8220;4.16&#8243; global_colors_info=&#8220;{}&#8220;][et_pb_row _builder_version=&#8220;4.16&#8243; global_colors_info=&#8220;{}&#8220;][et_pb_column type=&#8220;4_4&#8243; _builder_version=&#8220;4.16&#8243; global_colors_info=&#8220;{}&#8220;][et_pb_text _builder_version=&#8220;4.23.1&#8243; header_font=&#8220;Good times||||||||&#8220; header_text_color=&#8220;gcid-c11d3dfc-a14c-42d0-bc7a-f9a9414c496a&#8220; global_colors_info=&#8220;{%22gcid-c11d3dfc-a14c-42d0-bc7a-f9a9414c496a%22:%91%22header_text_color%22%93}&#8220;]<\/p>\n<h1>Landwirtschaftliches Folienrecycling<\/h1>\n<p>[\/et_pb_text][\/et_pb_column][\/et_pb_row][et_pb_row _builder_version=&#8220;4.16&#8243; global_colors_info=&#8220;{}&#8220;][et_pb_column type=&#8220;4_4&#8243; _builder_version=&#8220;4.16&#8243; global_colors_info=&#8220;{}&#8220;][et_pb_text _builder_version=&#8220;4.23.4&#8243; text_font=&#8220;Underground Medium||||||||&#8220; text_text_color=&#8220;gcid-f8169307-4f6d-46ab-b107-3642f316d5f5&#8243; text_font_size=&#8220;20px&#8220; header_3_font=&#8220;Underground heavy||||||||&#8220; header_3_text_color=&#8220;gcid-f8169307-4f6d-46ab-b107-3642f316d5f5&#8243; hover_enabled=&#8220;0&#8243; global_colors_info=&#8220;{%22gcid-f8169307-4f6d-46ab-b107-3642f316d5f5%22:%91%22header_3_text_color%22,%22text_text_color%22%93}&#8220; sticky_enabled=&#8220;0&#8243;]<\/p>\n<h3>Lassen Sie Ihre landwirtschaftliche Kunststofffolie in 3 einfachen Schritten kosteng\u00fcnstig sammeln.<\/h3>\n<p>&nbsp;<\/p>\n<p><strong>1.<\/strong> \u00dcber den Repeats NE-Webshop k\u00f6nnen Sie rund um die Uhr einen Antrag auf Sammlung Ihres landwirtschaftlichen Films stellen.<\/p>\n<p><strong>2.<\/strong> Sobald Ihre Anfrage bei uns eingegangen ist, beginnt der Planer mit der Planung des Abholzeitpunkts.<\/p>\n<p><strong>3.<\/strong> Wenn der Fahrer den landwirtschaftlichen Film von Ihnen abholt, registriert das Wiegesystem im LKW das Gewicht der Gesamtmenge an landwirtschaftlichem Kunststoff, die wir von Ihnen geladen haben.<\/p>\n<p><em>Leider k\u00f6nnen wir diesen Service nur in den Niederlanden und Flandern anbieten.<\/em><\/p>\n<p>[\/et_pb_text][\/et_pb_column][\/et_pb_row][et_pb_row _builder_version=&#8220;4.16&#8243; global_colors_info=&#8220;{}&#8220;][et_pb_column type=&#8220;4_4&#8243; _builder_version=&#8220;4.16&#8243; global_colors_info=&#8220;{}&#8220;][et_pb_button button_url=&#8220;https:\/\/www.landbouwfolierecycling.nl\/&#8220; url_new_window=&#8220;on&#8220; button_text=&#8220;Klicken Sie hier, um auf die Website zu gehen&#8220; button_alignment=&#8220;center&#8220; _builder_version=&#8220;4.23.1&#8243; _module_preset=&#8220;default&#8220; custom_button=&#8220;on&#8220; button_bg_color=&#8220;gcid-0aa8722d-c0bd-4667-938a-42b481fe877d&#8220; button_border_color=&#8220;RGBA(0,0,0,0)&#8220; button_border_radius=&#8220;32px&#8220; button_font=&#8220;Underground Medium||||||||&#8220; button_use_icon=&#8220;off&#8220; background_layout=&#8220;dark&#8220; custom_margin=&#8220;30px||||false|false&#8220; box_shadow_style=&#8220;preset3&#8243; box_shadow_blur=&#8220;8px&#8220; global_colors_info=&#8220;{%22gcid-0aa8722d-c0bd-4667-938a-42b481fe877d%22:%91%22button_bg_color%22%93}&#8220;][\/et_pb_button][\/et_pb_column][\/et_pb_row][\/et_pb_section][et_pb_section fb_built=&#8220;1&#8243; _builder_version=&#8220;4.23.4&#8243; background_color=&#8220;gcid-f8169307-4f6d-46ab-b107-3642f316d5f5&#8243; custom_padding=&#8220;34px||14px|||&#8220; global_module=&#8220;8939&#8243; saved_tabs=&#8220;all&#8220; global_colors_info=&#8220;{%22gcid-f8169307-4f6d-46ab-b107-3642f316d5f5%22:%91%22background_color%22%93}&#8220;][et_pb_row column_structure=&#8220;1_3,1_3,1_3&#8243; _builder_version=&#8220;4.23.1&#8243; global_colors_info=&#8220;{}&#8220;][et_pb_column type=&#8220;1_3&#8243; _builder_version=&#8220;4.16&#8243; global_colors_info=&#8220;{}&#8220;][et_pb_text _builder_version=&#8220;4.23.4&#8243; text_font=&#8220;Underground Medium||||||||&#8220; text_text_color=&#8220;#FFFFFF&#8220; text_font_size=&#8220;20px&#8220; global_colors_info=&#8220;{}&#8220;]<\/p>\n<ul>\n<li><a href=\"http:\/\/dalyplastics.nl\/certificering\/\"><strong>Zertifizierung<\/strong><\/a><\/li>\n<li><a href=\"http:\/\/dalyplastics.nl\/vacatures\"><strong>Arbeitspl\u00e4tze<\/strong><\/a><\/li>\n<li><a href=\"http:\/\/dalyplastics.nl\/leveringsvoorwaarden\/\"><strong>Lieferungsbedingungen<\/strong><\/a><\/li>\n<li><a href=\"http:\/\/dalyplastics.nl\/privacy\/\"><strong>Privacy<\/strong><\/a><\/li>\n<\/ul>\n<p>[\/et_pb_text][\/et_pb_column][et_pb_column type=&#8220;1_3&#8243; _builder_version=&#8220;4.16&#8243; global_colors_info=&#8220;{}&#8220;][et_pb_text _builder_version=&#8220;4.23.4&#8243; text_font=&#8220;Underground Medium||||||||&#8220; text_text_color=&#8220;#FFFFFF&#8220; text_font_size=&#8220;20px&#8220; global_colors_info=&#8220;{}&#8220;]<\/p>\n<p><strong>Repeats NE<\/strong><br \/>Industrieweg 101a<br \/>7202CA Zutphen<br \/>Die Niederl\u00e4nde<br \/>Tel.+31 (0)575 568 310<br \/><a href=\"mailto:info@repeats-group.nl\"><em><strong>info@repeats-group.nl<\/strong><\/em><\/a><\/p>\n<p>[\/et_pb_text][\/et_pb_column][et_pb_column type=&#8220;1_3&#8243; _builder_version=&#8220;4.16&#8243; global_colors_info=&#8220;{}&#8220;][et_pb_image src=&#8220;https:\/\/www.dalyplastics.nl\/wp-content\/uploads\/2023\/12\/Repeats-logo-diap.png&#8220; alt=&#8220;Repeats Group&#8220; title_text=&#8220;Repeats-logo-diap&#8220; align=&#8220;center&#8220; _builder_version=&#8220;4.23.4&#8243; global_colors_info=&#8220;{}&#8220;][\/et_pb_image][et_pb_text _builder_version=&#8220;4.23.4&#8243; _module_preset=&#8220;default&#8220; text_font_size=&#8220;14px&#8220; text_line_height=&#8220;1.5em&#8220; global_colors_info=&#8220;{}&#8220;]<\/p>\n<p style=\"text-align: center;\"><strong><span style=\"color: #ffffff;\">Daly Plastics hei\u00dft jetzt Repeats NE,<br \/>und ist Teil der Repeats Group<\/span><\/strong><\/p>\n<p>[\/et_pb_text][et_pb_image src=&#8220;https:\/\/www.dalyplastics.nl\/wp-content\/uploads\/2023\/12\/TUV-diap.png&#8220; title_text=&#8220;TUV-diap&#8220; _builder_version=&#8220;4.23.1&#8243; global_colors_info=&#8220;{}&#8220;][\/et_pb_image][\/et_pb_column][\/et_pb_row][et_pb_row column_structure=&#8220;3_4,1_4&#8243; _builder_version=&#8220;4.16&#8243; global_colors_info=&#8220;{}&#8220;][et_pb_column type=&#8220;3_4&#8243; _builder_version=&#8220;4.16&#8243; global_colors_info=&#8220;{}&#8220;][et_pb_text _builder_version=&#8220;4.23.4&#8243; _module_preset=&#8220;default&#8220; text_font=&#8220;Underground Medium||||||||&#8220; text_text_color=&#8220;#FFFFFF&#8220; global_colors_info=&#8220;{}&#8220;]<\/p>\n<p>\u00a9 Repeats Group 2024 | All rights reserved<\/p>\n<p>[\/et_pb_text][\/et_pb_column][et_pb_column type=&#8220;1_4&#8243; _builder_version=&#8220;4.16&#8243; global_colors_info=&#8220;{}&#8220;][et_pb_social_media_follow follow_button=&#8220;on&#8220; _builder_version=&#8220;4.23.4&#8243; _module_preset=&#8220;default&#8220; text_orientation=&#8220;center&#8220; global_colors_info=&#8220;{}&#8220;][et_pb_social_media_follow_network social_network=&#8220;linkedin&#8220; url=&#8220;https:\/\/www.linkedin.com\/company\/repeats-group\/&#8220; _builder_version=&#8220;4.23.4&#8243; _module_preset=&#8220;default&#8220; background_color=&#8220;#007bb6&#8243; custom_button=&#8220;on&#8220; button_text_size=&#8220;14px&#8220; button_text_color=&#8220;#000000&#8243; button_bg_color=&#8220;#FFFFFF&#8220; global_colors_info=&#8220;{}&#8220; follow_button=&#8220;on&#8220; url_new_window=&#8220;on&#8220;]linkedin[\/et_pb_social_media_follow_network][\/et_pb_social_media_follow][\/et_pb_column][\/et_pb_row][\/et_pb_section]<\/p>\n","protected":false},"excerpt":{"rendered":"<p>Landwirtschaftliches FolienrecyclingLassen Sie Ihre landwirtschaftliche Kunststofffolie in 3 einfachen Schritten kosteng\u00fcnstig sammeln. &nbsp; 1. \u00dcber den Repeats NE-Webshop k\u00f6nnen Sie rund um die Uhr einen Antrag auf Sammlung Ihres landwirtschaftlichen Films stellen. 2. Sobald Ihre Anfrage bei uns eingegangen ist, beginnt der Planer mit der Planung des Abholzeitpunkts. 3. Wenn der Fahrer den landwirtschaftlichen Film [&hellip;]<\/p>\n","protected":false},"author":1,"featured_media":0,"parent":0,"menu_order":0,"comment_status":"closed","ping_status":"closed","template":"","meta":{"_et_pb_use_builder":"on","_et_pb_old_content":"","_et_gb_content_width":"","footnotes":""},"class_list":["post-9339","page","type-page","status-publish","hentry"],"yoast_head":"<!-- This site is optimized with the Yoast SEO plugin v27.4 - https:\/\/yoast.com\/product\/yoast-seo-wordpress\/ -->\n<title>Landwirtschaftliches Folienrecycling - Repeats Group<\/title>\n<meta name=\"description\" content=\"Lassen Sie Ihre landwirtschaftliche Kunststofffolie in 3 einfachen Schritten kosteng\u00fcnstig sammeln.\" \/>\n<meta name=\"robots\" content=\"index, follow, max-snippet:-1, max-image-preview:large, max-video-preview:-1\" \/>\n<link rel=\"canonical\" href=\"https:\/\/www.dalyplastics.nl\/landbouwfolierecycling\/\" \/>\n<meta property=\"og:locale\" content=\"de_DE\" \/>\n<meta property=\"og:type\" content=\"article\" \/>\n<meta property=\"og:title\" content=\"Landwirtschaftliches Folienrecycling - Repeats Group\" \/>\n<meta property=\"og:description\" content=\"Lassen Sie Ihre landwirtschaftliche Kunststofffolie in 3 einfachen Schritten kosteng\u00fcnstig sammeln.\" \/>\n<meta property=\"og:url\" content=\"https:\/\/www.dalyplastics.nl\/landbouwfolierecycling\/\" \/>\n<meta property=\"og:site_name\" content=\"Repeats Group\" \/>\n<meta property=\"article:modified_time\" content=\"2024-01-18T09:15:16+00:00\" \/>\n<meta name=\"twitter:card\" content=\"summary_large_image\" \/>\n<meta name=\"twitter:label1\" content=\"Gesch\u00e4tzte Lesezeit\" \/>\n\t<meta name=\"twitter:data1\" content=\"4\u00a0Minuten\" \/>\n<script type=\"application\/ld+json\" class=\"yoast-schema-graph\">{\"@context\":\"https:\\\/\\\/schema.org\",\"@graph\":[{\"@type\":\"WebPage\",\"@id\":\"https:\\\/\\\/www.dalyplastics.nl\\\/landbouwfolierecycling\\\/\",\"url\":\"https:\\\/\\\/www.dalyplastics.nl\\\/landbouwfolierecycling\\\/\",\"name\":\"Landwirtschaftliches Folienrecycling - Repeats Group\",\"isPartOf\":{\"@id\":\"https:\\\/\\\/www.dalyplastics.nl\\\/#website\"},\"datePublished\":\"2020-03-20T11:35:01+00:00\",\"dateModified\":\"2024-01-18T09:15:16+00:00\",\"description\":\"Lassen Sie Ihre landwirtschaftliche Kunststofffolie in 3 einfachen Schritten kosteng\u00fcnstig sammeln.\",\"breadcrumb\":{\"@id\":\"https:\\\/\\\/www.dalyplastics.nl\\\/landbouwfolierecycling\\\/#breadcrumb\"},\"inLanguage\":\"de\",\"potentialAction\":[{\"@type\":\"ReadAction\",\"target\":[\"https:\\\/\\\/www.dalyplastics.nl\\\/landbouwfolierecycling\\\/\"]}]},{\"@type\":\"BreadcrumbList\",\"@id\":\"https:\\\/\\\/www.dalyplastics.nl\\\/landbouwfolierecycling\\\/#breadcrumb\",\"itemListElement\":[{\"@type\":\"ListItem\",\"position\":1,\"name\":\"Home\",\"item\":\"https:\\\/\\\/www.dalyplastics.nl\\\/de\\\/\"},{\"@type\":\"ListItem\",\"position\":2,\"name\":\"Landwirtschaftliches Folienrecycling\"}]},{\"@type\":\"WebSite\",\"@id\":\"https:\\\/\\\/www.dalyplastics.nl\\\/#website\",\"url\":\"https:\\\/\\\/www.dalyplastics.nl\\\/\",\"name\":\"Repeats Group\",\"description\":\"Recycling PE at Scale\",\"publisher\":{\"@id\":\"https:\\\/\\\/www.dalyplastics.nl\\\/#organization\"},\"potentialAction\":[{\"@type\":\"SearchAction\",\"target\":{\"@type\":\"EntryPoint\",\"urlTemplate\":\"https:\\\/\\\/www.dalyplastics.nl\\\/?s={search_term_string}\"},\"query-input\":{\"@type\":\"PropertyValueSpecification\",\"valueRequired\":true,\"valueName\":\"search_term_string\"}}],\"inLanguage\":\"de\"},{\"@type\":\"Organization\",\"@id\":\"https:\\\/\\\/www.dalyplastics.nl\\\/#organization\",\"name\":\"Daly Plastics\",\"url\":\"https:\\\/\\\/www.dalyplastics.nl\\\/\",\"logo\":{\"@type\":\"ImageObject\",\"inLanguage\":\"de\",\"@id\":\"https:\\\/\\\/www.dalyplastics.nl\\\/#\\\/schema\\\/logo\\\/image\\\/\",\"url\":\"http:\\\/\\\/dalyplastics.nl\\\/wp-content\\\/uploads\\\/2020\\\/01\\\/Daly_logo.jpg\",\"contentUrl\":\"http:\\\/\\\/dalyplastics.nl\\\/wp-content\\\/uploads\\\/2020\\\/01\\\/Daly_logo.jpg\",\"width\":800,\"height\":303,\"caption\":\"Daly Plastics\"},\"image\":{\"@id\":\"https:\\\/\\\/www.dalyplastics.nl\\\/#\\\/schema\\\/logo\\\/image\\\/\"}}]}<\/script>\n<!-- \/ Yoast SEO plugin. -->","yoast_head_json":{"title":"Landwirtschaftliches Folienrecycling - Repeats Group","description":"Lassen Sie Ihre landwirtschaftliche Kunststofffolie in 3 einfachen Schritten kosteng\u00fcnstig sammeln.","robots":{"index":"index","follow":"follow","max-snippet":"max-snippet:-1","max-image-preview":"max-image-preview:large","max-video-preview":"max-video-preview:-1"},"canonical":"https:\/\/www.dalyplastics.nl\/landbouwfolierecycling\/","og_locale":"de_DE","og_type":"article","og_title":"Landwirtschaftliches Folienrecycling - Repeats Group","og_description":"Lassen Sie Ihre landwirtschaftliche Kunststofffolie in 3 einfachen Schritten kosteng\u00fcnstig sammeln.","og_url":"https:\/\/www.dalyplastics.nl\/landbouwfolierecycling\/","og_site_name":"Repeats Group","article_modified_time":"2024-01-18T09:15:16+00:00","twitter_card":"summary_large_image","twitter_misc":{"Gesch\u00e4tzte Lesezeit":"4\u00a0Minuten"},"schema":{"@context":"https:\/\/schema.org","@graph":[{"@type":"WebPage","@id":"https:\/\/www.dalyplastics.nl\/landbouwfolierecycling\/","url":"https:\/\/www.dalyplastics.nl\/landbouwfolierecycling\/","name":"Landwirtschaftliches Folienrecycling - Repeats Group","isPartOf":{"@id":"https:\/\/www.dalyplastics.nl\/#website"},"datePublished":"2020-03-20T11:35:01+00:00","dateModified":"2024-01-18T09:15:16+00:00","description":"Lassen Sie Ihre landwirtschaftliche Kunststofffolie in 3 einfachen Schritten kosteng\u00fcnstig sammeln.","breadcrumb":{"@id":"https:\/\/www.dalyplastics.nl\/landbouwfolierecycling\/#breadcrumb"},"inLanguage":"de","potentialAction":[{"@type":"ReadAction","target":["https:\/\/www.dalyplastics.nl\/landbouwfolierecycling\/"]}]},{"@type":"BreadcrumbList","@id":"https:\/\/www.dalyplastics.nl\/landbouwfolierecycling\/#breadcrumb","itemListElement":[{"@type":"ListItem","position":1,"name":"Home","item":"https:\/\/www.dalyplastics.nl\/de\/"},{"@type":"ListItem","position":2,"name":"Landwirtschaftliches Folienrecycling"}]},{"@type":"WebSite","@id":"https:\/\/www.dalyplastics.nl\/#website","url":"https:\/\/www.dalyplastics.nl\/","name":"Repeats Group","description":"Recycling PE at Scale","publisher":{"@id":"https:\/\/www.dalyplastics.nl\/#organization"},"potentialAction":[{"@type":"SearchAction","target":{"@type":"EntryPoint","urlTemplate":"https:\/\/www.dalyplastics.nl\/?s={search_term_string}"},"query-input":{"@type":"PropertyValueSpecification","valueRequired":true,"valueName":"search_term_string"}}],"inLanguage":"de"},{"@type":"Organization","@id":"https:\/\/www.dalyplastics.nl\/#organization","name":"Daly Plastics","url":"https:\/\/www.dalyplastics.nl\/","logo":{"@type":"ImageObject","inLanguage":"de","@id":"https:\/\/www.dalyplastics.nl\/#\/schema\/logo\/image\/","url":"http:\/\/dalyplastics.nl\/wp-content\/uploads\/2020\/01\/Daly_logo.jpg","contentUrl":"http:\/\/dalyplastics.nl\/wp-content\/uploads\/2020\/01\/Daly_logo.jpg","width":800,"height":303,"caption":"Daly Plastics"},"image":{"@id":"https:\/\/www.dalyplastics.nl\/#\/schema\/logo\/image\/"}}]}},"_links":{"self":[{"href":"https:\/\/www.dalyplastics.nl\/de\/wp-json\/wp\/v2\/pages\/9339","targetHints":{"allow":["GET"]}}],"collection":[{"href":"https:\/\/www.dalyplastics.nl\/de\/wp-json\/wp\/v2\/pages"}],"about":[{"href":"https:\/\/www.dalyplastics.nl\/de\/wp-json\/wp\/v2\/types\/page"}],"author":[{"embeddable":true,"href":"https:\/\/www.dalyplastics.nl\/de\/wp-json\/wp\/v2\/users\/1"}],"replies":[{"embeddable":true,"href":"https:\/\/www.dalyplastics.nl\/de\/wp-json\/wp\/v2\/comments?post=9339"}],"version-history":[{"count":38,"href":"https:\/\/www.dalyplastics.nl\/de\/wp-json\/wp\/v2\/pages\/9339\/revisions"}],"predecessor-version":[{"id":11678,"href":"https:\/\/www.dalyplastics.nl\/de\/wp-json\/wp\/v2\/pages\/9339\/revisions\/11678"}],"wp:attachment":[{"href":"https:\/\/www.dalyplastics.nl\/de\/wp-json\/wp\/v2\/media?parent=9339"}],"curies":[{"name":"wp","href":"https:\/\/api.w.org\/{rel}","templated":true}]}}