{"id":9327,"date":"2020-01-27T14:58:25","date_gmt":"2020-01-27T13:58:25","guid":{"rendered":"http:\/\/dalyplastics.nl\/certificering\/"},"modified":"2024-01-31T17:42:36","modified_gmt":"2024-01-31T16:42:36","slug":"certificering","status":"publish","type":"page","link":"https:\/\/www.dalyplastics.nl\/de\/certificering\/","title":{"rendered":"Zertifizierung"},"content":{"rendered":"<p>[et_pb_section fb_built=&#8220;1&#8243; _builder_version=&#8220;4.16&#8243; global_colors_info=&#8220;{}&#8220;][et_pb_row _builder_version=&#8220;4.16&#8243; global_colors_info=&#8220;{}&#8220;][et_pb_column type=&#8220;4_4&#8243; _builder_version=&#8220;4.16&#8243; global_colors_info=&#8220;{}&#8220;][et_pb_text _builder_version=&#8220;4.23.1&#8243; header_font=&#8220;Good times||||||||&#8220; header_text_color=&#8220;gcid-c11d3dfc-a14c-42d0-bc7a-f9a9414c496a&#8220; global_colors_info=&#8220;{%22gcid-c11d3dfc-a14c-42d0-bc7a-f9a9414c496a%22:%91%22header_text_color%22%93}&#8220;]<\/p>\n<h1><strong>Zertifizierung<\/strong><\/h1>\n<p>[\/et_pb_text][et_pb_text _builder_version=&#8220;4.23.4&#8243; border_width_bottom=&#8220;1px&#8220; border_color_bottom=&#8220;#0c71c3&#8243; global_colors_info=&#8220;{}&#8220;]<\/p>\n<h3 style=\"text-align: center;\">Repeats NE \/ Daly Plastics BV<\/h3>\n<p>[\/et_pb_text][\/et_pb_column][\/et_pb_row][et_pb_row column_structure=&#8220;1_3,1_3,1_3&#8243; make_equal=&#8220;on&#8220; _builder_version=&#8220;4.16&#8243; global_colors_info=&#8220;{}&#8220;][et_pb_column type=&#8220;1_3&#8243; _builder_version=&#8220;4.16&#8243; global_colors_info=&#8220;{}&#8220;][et_pb_blurb title=&#8220;TUV 14001&#8243; url=&#8220;http:\/\/dalyplastics.nl\/wp-content\/downloads\/DalyPlastics-TUV14001-NL.pdf&#8220; url_new_window=&#8220;on&#8220; image=&#8220;https:\/\/www.dalyplastics.nl\/wp-content\/uploads\/2021\/08\/14001TUV.jpg&#8220; _builder_version=&#8220;4.16&#8243; header_level=&#8220;h3&#8243; header_font=&#8220;|700|||||||&#8220; header_text_align=&#8220;center&#8220; link_option_url=&#8220;http:\/\/dalyplastics.nl\/wp-content\/downloads\/DalyPlastics-TUV14001-NL.pdf&#8220; link_option_url_new_window=&#8220;on&#8220; border_width_all=&#8220;1px&#8220; border_color_all=&#8220;#01479C&#8220; global_colors_info=&#8220;{}&#8220;]<\/p>\n<p style=\"text-align: center;\"><strong><\/strong><\/p>\n<p style=\"text-align: center;\"><strong><a href=\"http:\/\/dalyplastics.nl\/wp-content\/downloads\/DalyPlastics-TUV14001-EN.pdf\" target=\"_blank\" rel=\"noopener\"><strong>English version<\/strong><\/a><\/strong><\/p>\n<p style=\"text-align: center;\"><strong><a href=\"http:\/\/dalyplastics.nl\/wp-content\/downloads\/DalyPlastics-TUV14001-DE.pdf\" target=\"_blank\" rel=\"noopener\"><strong>Deutsche Version<\/strong><\/a><\/strong><\/p>\n<p>[\/et_pb_blurb][\/et_pb_column][et_pb_column type=&#8220;1_3&#8243; _builder_version=&#8220;4.16&#8243; global_colors_info=&#8220;{}&#8220;][et_pb_blurb title=&#8220;TUV 9001&#8243; url=&#8220;http:\/\/dalyplastics.nl\/wp-content\/downloads\/DalyPlasticsTUV9001-NL.PDF&#8220; url_new_window=&#8220;on&#8220; image=&#8220;https:\/\/www.dalyplastics.nl\/wp-content\/uploads\/2021\/03\/Daly-Caroda-TUV9001.png&#8220; _builder_version=&#8220;4.16&#8243; header_level=&#8220;h3&#8243; header_font=&#8220;|700|||||||&#8220; header_text_align=&#8220;center&#8220; link_option_url=&#8220;http:\/\/dalyplastics.nl\/wp-content\/downloads\/DalyPlasticsTUV9001-NL.PDF&#8220; link_option_url_new_window=&#8220;on&#8220; border_width_all=&#8220;1px&#8220; border_color_all=&#8220;#01479C&#8220; global_colors_info=&#8220;{}&#8220;]<\/p>\n<p style=\"text-align: center;\"><strong><\/strong><\/p>\n<p style=\"text-align: center;\"><strong><a href=\"http:\/\/dalyplastics.nl\/wp-content\/downloads\/DalyPlasticsTUV9001-ENG.PDF\" target=\"_blank\" rel=\"noopener\"><strong>English version<\/strong><\/a><\/strong><\/p>\n<p style=\"text-align: center;\"><strong><a href=\"http:\/\/dalyplastics.nl\/wp-content\/downloads\/DalyPlasticsTUV9001-DE.PDF\" target=\"_blank\" rel=\"noopener\"><strong>Deutsche Version<\/strong><\/a><\/strong><\/p>\n<p style=\"text-align: center;\"><strong><a href=\"http:\/\/dalyplastics.nl\/wp-content\/downloads\/DalyPlasticsTUV9001-FR.PDF\" target=\"_blank\" rel=\"noopener\"><strong>Version Fran\u00e7aise<\/strong><\/a><\/strong><\/p>\n<p>[\/et_pb_blurb][\/et_pb_column][et_pb_column type=&#8220;1_3&#8243; _builder_version=&#8220;4.16&#8243; global_colors_info=&#8220;{}&#8220;][et_pb_blurb title=&#8220;NIWO&#8220; url=&#8220;http:\/\/dalyplastics.nl\/wp-content\/downloads\/Daly-Plastics-NIWO.pdf&#8220; image=&#8220;https:\/\/www.dalyplastics.nl\/wp-content\/uploads\/2021\/03\/Daly-NIWO.png&#8220; _builder_version=&#8220;4.16&#8243; header_level=&#8220;h3&#8243; header_font=&#8220;|700|||||||&#8220; header_text_align=&#8220;center&#8220; link_option_url=&#8220;http:\/\/dalyplastics.nl\/wp-content\/downloads\/Daly-Plastics-NIWO.pdf&#8220; border_width_all=&#8220;1px&#8220; border_color_all=&#8220;#01479C&#8220; global_colors_info=&#8220;{}&#8220;][\/et_pb_blurb][\/et_pb_column][\/et_pb_row][et_pb_row column_structure=&#8220;1_3,1_3,1_3&#8243; _builder_version=&#8220;4.16&#8243; global_colors_info=&#8220;{}&#8220;][et_pb_column type=&#8220;1_3&#8243; _builder_version=&#8220;4.16&#8243; global_colors_info=&#8220;{}&#8220;][et_pb_blurb title=&#8220;BIR&#8220; url=&#8220;http:\/\/dalyplastics.nl\/wp-content\/downloads\/Daly-Plastics-BIR2018.pdf&#8220; image=&#8220;https:\/\/www.dalyplastics.nl\/wp-content\/uploads\/2021\/03\/Daly-BIR.png&#8220; _builder_version=&#8220;4.16&#8243; header_level=&#8220;h3&#8243; header_font=&#8220;|700|||||||&#8220; header_text_align=&#8220;center&#8220; link_option_url=&#8220;http:\/\/dalyplastics.nl\/wp-content\/downloads\/Daly-Plastics-BIR2018.pdf&#8220; border_width_all=&#8220;1px&#8220; border_color_all=&#8220;#01479C&#8220; global_colors_info=&#8220;{}&#8220;][\/et_pb_blurb][\/et_pb_column][et_pb_column type=&#8220;1_3&#8243; _builder_version=&#8220;4.16&#8243; global_colors_info=&#8220;{}&#8220;][et_pb_blurb title=&#8220;Ecocycle&#8220; url=&#8220;http:\/\/dalyplastics.nl\/wp-content\/downloads\/Daly-Plastics-Eco-cycle.pdf&#8220; image=&#8220;https:\/\/www.dalyplastics.nl\/wp-content\/uploads\/2021\/09\/eco-cycle.png&#8220; _builder_version=&#8220;4.16&#8243; header_level=&#8220;h3&#8243; header_font=&#8220;|700|||||||&#8220; header_text_align=&#8220;center&#8220; link_option_url=&#8220;http:\/\/dalyplastics.nl\/wp-content\/downloads\/Daly-Plastics-Eco-cycle.pdf&#8220; border_width_all=&#8220;1px&#8220; border_color_all=&#8220;#01479C&#8220; global_colors_info=&#8220;{}&#8220;][\/et_pb_blurb][\/et_pb_column][et_pb_column type=&#8220;1_3&#8243; _builder_version=&#8220;4.16&#8243; global_colors_info=&#8220;{}&#8220;][\/et_pb_column][\/et_pb_row][et_pb_row _builder_version=&#8220;4.16&#8243; custom_padding=&#8220;61px|||||&#8220; global_colors_info=&#8220;{}&#8220;][et_pb_column type=&#8220;4_4&#8243; _builder_version=&#8220;4.16&#8243; global_colors_info=&#8220;{}&#8220;][et_pb_text _builder_version=&#8220;4.23.4&#8243; border_width_bottom=&#8220;1px&#8220; border_color_bottom=&#8220;#0c71c3&#8243; global_colors_info=&#8220;{}&#8220;]<\/p>\n<h3 style=\"text-align: center;\">Repeats NE \/ Caroda BV<\/h3>\n<p>[\/et_pb_text][\/et_pb_column][\/et_pb_row][et_pb_row column_structure=&#8220;1_3,1_3,1_3&#8243; _builder_version=&#8220;4.16&#8243; global_colors_info=&#8220;{}&#8220;][et_pb_column type=&#8220;1_3&#8243; _builder_version=&#8220;4.16&#8243; global_colors_info=&#8220;{}&#8220;][et_pb_blurb title=&#8220;TUV 14001&#8243; url=&#8220;http:\/\/dalyplastics.nl\/wp-content\/downloads\/DalyPlastics-TUV14001-NL.pdf&#8220; url_new_window=&#8220;on&#8220; image=&#8220;https:\/\/www.dalyplastics.nl\/wp-content\/uploads\/2021\/08\/14001TUV.jpg&#8220; _builder_version=&#8220;4.16&#8243; header_level=&#8220;h3&#8243; header_font=&#8220;|700|||||||&#8220; header_text_align=&#8220;center&#8220; link_option_url=&#8220;http:\/\/dalyplastics.nl\/wp-content\/downloads\/DalyPlastics-TUV14001-NL.pdf&#8220; link_option_url_new_window=&#8220;on&#8220; border_width_all=&#8220;1px&#8220; border_color_all=&#8220;#01479C&#8220; global_colors_info=&#8220;{}&#8220;]<\/p>\n<p style=\"text-align: center;\"><strong><\/strong><\/p>\n<p style=\"text-align: center;\"><strong><a href=\"http:\/\/dalyplastics.nl\/wp-content\/downloads\/DalyPlastics-TUV14001-EN.pdf\" target=\"_blank\" rel=\"noopener\"><strong>English version<\/strong><\/a><\/strong><\/p>\n<p style=\"text-align: center;\"><strong><a href=\"http:\/\/dalyplastics.nl\/wp-content\/downloads\/DalyPlastics-TUV14001-DE.pdf\" target=\"_blank\" rel=\"noopener\"><strong>Deutsche Version<\/strong><\/a><\/strong><\/p>\n<p>[\/et_pb_blurb][\/et_pb_column][et_pb_column type=&#8220;1_3&#8243; _builder_version=&#8220;4.16&#8243; global_colors_info=&#8220;{}&#8220;][et_pb_blurb title=&#8220;TUV 9001&#8243; url=&#8220;http:\/\/dalyplastics.nl\/wp-content\/downloads\/DalyPlasticsTUV9001-NL.PDF&#8220; url_new_window=&#8220;on&#8220; image=&#8220;https:\/\/www.dalyplastics.nl\/wp-content\/uploads\/2021\/03\/Daly-Caroda-TUV9001.png&#8220; _builder_version=&#8220;4.16&#8243; header_level=&#8220;h3&#8243; header_font=&#8220;|700|||||||&#8220; header_text_align=&#8220;center&#8220; link_option_url=&#8220;http:\/\/dalyplastics.nl\/wp-content\/downloads\/DalyPlasticsTUV9001-NL.PDF&#8220; link_option_url_new_window=&#8220;on&#8220; border_width_all=&#8220;1px&#8220; border_color_all=&#8220;#01479C&#8220; global_colors_info=&#8220;{}&#8220;]<\/p>\n<p style=\"text-align: center;\"><strong><\/strong><\/p>\n<p style=\"text-align: center;\"><strong><a href=\"http:\/\/dalyplastics.nl\/wp-content\/downloads\/DalyPlasticsTUV9001-ENG.PDF\" target=\"_blank\" rel=\"noopener\"><strong>English version<\/strong><\/a><\/p>\n<p style=\"text-align: center;\"><strong><a href=\"http:\/\/dalyplastics.nl\/wp-content\/downloads\/DalyPlasticsTUV9001-DE.PDF\" target=\"_blank\" rel=\"noopener\"><strong>Deutsche Version<\/strong><\/a><\/p>\n<p style=\"text-align: center;\"><strong><a href=\"http:\/\/dalyplastics.nl\/wp-content\/downloads\/DalyPlasticsTUV9001-FR.PDF\" target=\"_blank\" rel=\"noopener\"><strong>Version Fran\u00e7aise<\/strong><\/a><\/p>\n<p>[\/et_pb_blurb][\/et_pb_column][et_pb_column type=&#8220;1_3&#8243; _builder_version=&#8220;4.16&#8243; global_colors_info=&#8220;{}&#8220;][et_pb_blurb title=&#8220;Ecocycle&#8220; url=&#8220;http:\/\/dalyplastics.nl\/wp-content\/downloads\/Daly-Plastics-Eco-cycle.pdf&#8220; image=&#8220;https:\/\/www.dalyplastics.nl\/wp-content\/uploads\/2021\/09\/eco-cycle.png&#8220; _builder_version=&#8220;4.16&#8243; header_level=&#8220;h3&#8243; header_font=&#8220;|700|||||||&#8220; header_text_align=&#8220;center&#8220; link_option_url=&#8220;http:\/\/dalyplastics.nl\/wp-content\/downloads\/Daly-Plastics-Eco-cycle.pdf&#8220; border_width_all=&#8220;1px&#8220; border_color_all=&#8220;#01479C&#8220; global_colors_info=&#8220;{}&#8220;][\/et_pb_blurb][\/et_pb_column][\/et_pb_row][et_pb_row column_structure=&#8220;1_3,1_3,1_3&#8243; _builder_version=&#8220;4.16&#8243; global_colors_info=&#8220;{}&#8220;][et_pb_column type=&#8220;1_3&#8243; _builder_version=&#8220;4.16&#8243; global_colors_info=&#8220;{}&#8220;][et_pb_blurb title=&#8220;Plastic Recyclers of Europe&#8220; url=&#8220;http:\/\/dalyplastics.nl\/wp-content\/downloads\/Caroda-Plastic-Recyclers-Europe.pdf&#8220; url_new_window=&#8220;on&#8220; image=&#8220;https:\/\/www.dalyplastics.nl\/wp-content\/uploads\/2021\/03\/Caroda-Plast-Rec-Europe.png&#8220; _builder_version=&#8220;4.16&#8243; header_level=&#8220;h3&#8243; header_font=&#8220;|700|||||||&#8220; header_text_align=&#8220;center&#8220; link_option_url=&#8220;http:\/\/dalyplastics.nl\/wp-content\/downloads\/Caroda-Plastic-Recyclers-Europe.pdf&#8220; link_option_url_new_window=&#8220;on&#8220; border_width_all=&#8220;1px&#8220; border_color_all=&#8220;#01479C&#8220; global_colors_info=&#8220;{}&#8220;][\/et_pb_blurb][\/et_pb_column][et_pb_column type=&#8220;1_3&#8243; _builder_version=&#8220;4.16&#8243; global_colors_info=&#8220;{}&#8220;][\/et_pb_column][et_pb_column type=&#8220;1_3&#8243; _builder_version=&#8220;4.16&#8243; global_colors_info=&#8220;{}&#8220;][\/et_pb_column][\/et_pb_row][\/et_pb_section][et_pb_section fb_built=&#8220;1&#8243; _builder_version=&#8220;4.23.1&#8243; background_color=&#8220;gcid-f8169307-4f6d-46ab-b107-3642f316d5f5&#8243; custom_padding=&#8220;34px||14px|||&#8220; saved_tabs=&#8220;all&#8220; global_colors_info=&#8220;{%22gcid-f8169307-4f6d-46ab-b107-3642f316d5f5%22:%91%22background_color%22%93}&#8220; global_module=&#8220;10814&#8243; theme_builder_area=&#8220;post_content&#8220;][et_pb_row column_structure=&#8220;1_3,1_3,1_3&#8243; _builder_version=&#8220;4.23.1&#8243; custom_margin=&#8220;||||false|false&#8220; global_colors_info=&#8220;{}&#8220; theme_builder_area=&#8220;post_content&#8220;][et_pb_column type=&#8220;1_3&#8243; _builder_version=&#8220;4.16&#8243; global_colors_info=&#8220;{}&#8220; theme_builder_area=&#8220;post_content&#8220;][et_pb_text _builder_version=&#8220;4.24.0&#8243; text_font=&#8220;Underground Medium||||||||&#8220; text_text_color=&#8220;#FFFFFF&#8220; text_font_size=&#8220;20px&#8220; hover_enabled=&#8220;0&#8243; global_colors_info=&#8220;{}&#8220; theme_builder_area=&#8220;post_content&#8220; sticky_enabled=&#8220;0&#8243;]<\/p>\n<ul>\n<li><a href=\"https:\/\/www.dalyplastics.nl\/de\/certificering\/\"><strong>Zertifizierung<\/strong><\/a><\/li>\n<li><a href=\"\/?page_id=9090\"><strong>Arbeitspl\u00e4tze<\/strong><\/a><\/li>\n<li><a href=\"https:\/\/www.dalyplastics.nl\/de\/leveringsvoorwaarden\/\"><strong>Lieferungsbedingungen<\/strong><\/a><\/li>\n<li><a href=\"http:\/\/dalyplastics.nl\/privacy\/\"><strong>Privacy<\/strong><\/a><\/li>\n<\/ul>\n<p>[\/et_pb_text][\/et_pb_column][et_pb_column type=&#8220;1_3&#8243; _builder_version=&#8220;4.16&#8243; global_colors_info=&#8220;{}&#8220; theme_builder_area=&#8220;post_content&#8220;][et_pb_text _builder_version=&#8220;4.23.4&#8243; text_font=&#8220;Underground Medium||||||||&#8220; text_text_color=&#8220;#FFFFFF&#8220; text_font_size=&#8220;20px&#8220; global_colors_info=&#8220;{}&#8220; theme_builder_area=&#8220;post_content&#8220;]<\/p>\n<p><strong>Repeats NE<\/strong><br \/>Industrieweg 101a<br \/>7202CA Zutphen<br \/>Die Niederl\u00e4nde<br \/>T. +31 (0)575 568 310<br \/><a href=\"mailto:info@repeats-group.nl\"><em><strong>info@repeats-group.nl<\/strong><\/em><\/a><\/p>\n<p>[\/et_pb_text][\/et_pb_column][et_pb_column type=&#8220;1_3&#8243; _builder_version=&#8220;4.16&#8243; global_colors_info=&#8220;{}&#8220; theme_builder_area=&#8220;post_content&#8220;][et_pb_image src=&#8220;https:\/\/www.dalyplastics.nl\/wp-content\/uploads\/2023\/12\/Repeats-logo-diap.png&#8220; title_text=&#8220;Repeats-logo-diap&#8220; _builder_version=&#8220;4.23.1&#8243; global_colors_info=&#8220;{}&#8220; theme_builder_area=&#8220;post_content&#8220;][\/et_pb_image][et_pb_text _builder_version=&#8220;4.23.4&#8243; _module_preset=&#8220;default&#8220; text_font_size=&#8220;14px&#8220; text_line_height=&#8220;1.6em&#8220; global_colors_info=&#8220;{}&#8220; theme_builder_area=&#8220;post_content&#8220;]<\/p>\n<p style=\"text-align: center;\"><span style=\"color: #ffffff;\"><strong>Daly Plastics hei\u00dft jetzt Repeats NE<\/strong><\/span><br \/><span style=\"color: #ffffff;\"><strong>und ist Teil der Repeats Group.<\/strong><\/span><\/p>\n<p>[\/et_pb_text][et_pb_image src=&#8220;https:\/\/www.dalyplastics.nl\/wp-content\/uploads\/2023\/12\/TUV-diap.png&#8220; title_text=&#8220;TUV-diap&#8220; _builder_version=&#8220;4.23.1&#8243; global_colors_info=&#8220;{}&#8220; theme_builder_area=&#8220;post_content&#8220;][\/et_pb_image][\/et_pb_column][\/et_pb_row][et_pb_row column_structure=&#8220;3_4,1_4&#8243; _builder_version=&#8220;4.16&#8243; global_colors_info=&#8220;{}&#8220; theme_builder_area=&#8220;post_content&#8220;][et_pb_column type=&#8220;3_4&#8243; _builder_version=&#8220;4.16&#8243; global_colors_info=&#8220;{}&#8220; theme_builder_area=&#8220;post_content&#8220;][et_pb_text _builder_version=&#8220;4.23.4&#8243; _module_preset=&#8220;default&#8220; text_font=&#8220;Underground Medium||||||||&#8220; text_text_color=&#8220;#FFFFFF&#8220; global_colors_info=&#8220;{}&#8220; theme_builder_area=&#8220;post_content&#8220;]<\/p>\n<p>\u00a9 Repeats Group 2024\u00a0 |\u00a0 All rights reserved<\/p>\n<p>[\/et_pb_text][\/et_pb_column][et_pb_column type=&#8220;1_4&#8243; _builder_version=&#8220;4.16&#8243; global_colors_info=&#8220;{}&#8220; theme_builder_area=&#8220;post_content&#8220;][et_pb_social_media_follow follow_button=&#8220;on&#8220; _builder_version=&#8220;4.23.4&#8243; _module_preset=&#8220;default&#8220; custom_button=&#8220;on&#8220; button_text_color=&#8220;#000000&#8243; button_bg_color=&#8220;#FFFFFF&#8220; text_orientation=&#8220;right&#8220; global_colors_info=&#8220;{}&#8220; theme_builder_area=&#8220;post_content&#8220;][et_pb_social_media_follow_network social_network=&#8220;linkedin&#8220; url=&#8220;https:\/\/www.linkedin.com\/company\/repeats-group\/&#8220; _builder_version=&#8220;4.23.4&#8243; _module_preset=&#8220;default&#8220; background_color=&#8220;#007bb6&#8243; global_colors_info=&#8220;{}&#8220; theme_builder_area=&#8220;post_content&#8220; follow_button=&#8220;on&#8220; url_new_window=&#8220;on&#8220;]linkedin[\/et_pb_social_media_follow_network][\/et_pb_social_media_follow][\/et_pb_column][\/et_pb_row][\/et_pb_section]<\/p>\n","protected":false},"excerpt":{"rendered":"<p>ZertifizierungRepeats NE \/ Daly Plastics BV English version Deutsche Version English version Deutsche Version Version Fran\u00e7aiseRepeats NE \/ Caroda BV English version Deutsche Version English version Deutsche Version Version Fran\u00e7aise Zertifizierung Arbeitspl\u00e4tze Lieferungsbedingungen Privacy Repeats NEIndustrieweg 101a7202CA ZutphenDie Niederl\u00e4ndeT. +31 (0)575 568 310info@repeats-group.nlDaly Plastics hei\u00dft jetzt Repeats NEund ist Teil der Repeats Group.\u00a9 Repeats Group [&hellip;]<\/p>\n","protected":false},"author":1,"featured_media":0,"parent":0,"menu_order":0,"comment_status":"closed","ping_status":"closed","template":"","meta":{"_et_pb_use_builder":"on","_et_pb_old_content":"","_et_gb_content_width":"","footnotes":""},"class_list":["post-9327","page","type-page","status-publish","hentry"],"yoast_head":"<!-- This site is optimized with the Yoast SEO plugin v27.4 - https:\/\/yoast.com\/product\/yoast-seo-wordpress\/ -->\n<title>Zertifizierung - Repeats Group<\/title>\n<meta name=\"description\" content=\"Zertifizierung Repeats Group\" \/>\n<meta name=\"robots\" content=\"index, follow, max-snippet:-1, max-image-preview:large, max-video-preview:-1\" \/>\n<link rel=\"canonical\" href=\"https:\/\/www.dalyplastics.nl\/de\/certificering\/\" \/>\n<meta property=\"og:locale\" content=\"de_DE\" \/>\n<meta property=\"og:type\" content=\"article\" \/>\n<meta property=\"og:title\" content=\"Zertifizierung - Repeats Group\" \/>\n<meta property=\"og:description\" content=\"Zertifizierung Repeats Group\" \/>\n<meta property=\"og:url\" content=\"https:\/\/www.dalyplastics.nl\/de\/certificering\/\" \/>\n<meta property=\"og:site_name\" content=\"Repeats Group\" \/>\n<meta property=\"article:modified_time\" content=\"2024-01-31T16:42:36+00:00\" \/>\n<meta name=\"twitter:card\" content=\"summary_large_image\" \/>\n<meta name=\"twitter:label1\" content=\"Gesch\u00e4tzte Lesezeit\" \/>\n\t<meta name=\"twitter:data1\" content=\"7\u00a0Minuten\" \/>\n<script type=\"application\/ld+json\" class=\"yoast-schema-graph\">{\"@context\":\"https:\\\/\\\/schema.org\",\"@graph\":[{\"@type\":\"WebPage\",\"@id\":\"https:\\\/\\\/www.dalyplastics.nl\\\/de\\\/certificering\\\/\",\"url\":\"https:\\\/\\\/www.dalyplastics.nl\\\/de\\\/certificering\\\/\",\"name\":\"Zertifizierung - Repeats Group\",\"isPartOf\":{\"@id\":\"https:\\\/\\\/www.dalyplastics.nl\\\/#website\"},\"datePublished\":\"2020-01-27T13:58:25+00:00\",\"dateModified\":\"2024-01-31T16:42:36+00:00\",\"description\":\"Zertifizierung Repeats Group\",\"breadcrumb\":{\"@id\":\"https:\\\/\\\/www.dalyplastics.nl\\\/de\\\/certificering\\\/#breadcrumb\"},\"inLanguage\":\"de\",\"potentialAction\":[{\"@type\":\"ReadAction\",\"target\":[\"https:\\\/\\\/www.dalyplastics.nl\\\/de\\\/certificering\\\/\"]}]},{\"@type\":\"BreadcrumbList\",\"@id\":\"https:\\\/\\\/www.dalyplastics.nl\\\/de\\\/certificering\\\/#breadcrumb\",\"itemListElement\":[{\"@type\":\"ListItem\",\"position\":1,\"name\":\"Home\",\"item\":\"https:\\\/\\\/www.dalyplastics.nl\\\/de\\\/\"},{\"@type\":\"ListItem\",\"position\":2,\"name\":\"Zertifizierung\"}]},{\"@type\":\"WebSite\",\"@id\":\"https:\\\/\\\/www.dalyplastics.nl\\\/#website\",\"url\":\"https:\\\/\\\/www.dalyplastics.nl\\\/\",\"name\":\"Repeats Group\",\"description\":\"Recycling PE at Scale\",\"publisher\":{\"@id\":\"https:\\\/\\\/www.dalyplastics.nl\\\/#organization\"},\"potentialAction\":[{\"@type\":\"SearchAction\",\"target\":{\"@type\":\"EntryPoint\",\"urlTemplate\":\"https:\\\/\\\/www.dalyplastics.nl\\\/?s={search_term_string}\"},\"query-input\":{\"@type\":\"PropertyValueSpecification\",\"valueRequired\":true,\"valueName\":\"search_term_string\"}}],\"inLanguage\":\"de\"},{\"@type\":\"Organization\",\"@id\":\"https:\\\/\\\/www.dalyplastics.nl\\\/#organization\",\"name\":\"Daly Plastics\",\"url\":\"https:\\\/\\\/www.dalyplastics.nl\\\/\",\"logo\":{\"@type\":\"ImageObject\",\"inLanguage\":\"de\",\"@id\":\"https:\\\/\\\/www.dalyplastics.nl\\\/#\\\/schema\\\/logo\\\/image\\\/\",\"url\":\"http:\\\/\\\/dalyplastics.nl\\\/wp-content\\\/uploads\\\/2020\\\/01\\\/Daly_logo.jpg\",\"contentUrl\":\"http:\\\/\\\/dalyplastics.nl\\\/wp-content\\\/uploads\\\/2020\\\/01\\\/Daly_logo.jpg\",\"width\":800,\"height\":303,\"caption\":\"Daly Plastics\"},\"image\":{\"@id\":\"https:\\\/\\\/www.dalyplastics.nl\\\/#\\\/schema\\\/logo\\\/image\\\/\"}}]}<\/script>\n<!-- \/ Yoast SEO plugin. -->","yoast_head_json":{"title":"Zertifizierung - Repeats Group","description":"Zertifizierung Repeats Group","robots":{"index":"index","follow":"follow","max-snippet":"max-snippet:-1","max-image-preview":"max-image-preview:large","max-video-preview":"max-video-preview:-1"},"canonical":"https:\/\/www.dalyplastics.nl\/de\/certificering\/","og_locale":"de_DE","og_type":"article","og_title":"Zertifizierung - Repeats Group","og_description":"Zertifizierung Repeats Group","og_url":"https:\/\/www.dalyplastics.nl\/de\/certificering\/","og_site_name":"Repeats Group","article_modified_time":"2024-01-31T16:42:36+00:00","twitter_card":"summary_large_image","twitter_misc":{"Gesch\u00e4tzte Lesezeit":"7\u00a0Minuten"},"schema":{"@context":"https:\/\/schema.org","@graph":[{"@type":"WebPage","@id":"https:\/\/www.dalyplastics.nl\/de\/certificering\/","url":"https:\/\/www.dalyplastics.nl\/de\/certificering\/","name":"Zertifizierung - Repeats Group","isPartOf":{"@id":"https:\/\/www.dalyplastics.nl\/#website"},"datePublished":"2020-01-27T13:58:25+00:00","dateModified":"2024-01-31T16:42:36+00:00","description":"Zertifizierung Repeats Group","breadcrumb":{"@id":"https:\/\/www.dalyplastics.nl\/de\/certificering\/#breadcrumb"},"inLanguage":"de","potentialAction":[{"@type":"ReadAction","target":["https:\/\/www.dalyplastics.nl\/de\/certificering\/"]}]},{"@type":"BreadcrumbList","@id":"https:\/\/www.dalyplastics.nl\/de\/certificering\/#breadcrumb","itemListElement":[{"@type":"ListItem","position":1,"name":"Home","item":"https:\/\/www.dalyplastics.nl\/de\/"},{"@type":"ListItem","position":2,"name":"Zertifizierung"}]},{"@type":"WebSite","@id":"https:\/\/www.dalyplastics.nl\/#website","url":"https:\/\/www.dalyplastics.nl\/","name":"Repeats Group","description":"Recycling PE at Scale","publisher":{"@id":"https:\/\/www.dalyplastics.nl\/#organization"},"potentialAction":[{"@type":"SearchAction","target":{"@type":"EntryPoint","urlTemplate":"https:\/\/www.dalyplastics.nl\/?s={search_term_string}"},"query-input":{"@type":"PropertyValueSpecification","valueRequired":true,"valueName":"search_term_string"}}],"inLanguage":"de"},{"@type":"Organization","@id":"https:\/\/www.dalyplastics.nl\/#organization","name":"Daly Plastics","url":"https:\/\/www.dalyplastics.nl\/","logo":{"@type":"ImageObject","inLanguage":"de","@id":"https:\/\/www.dalyplastics.nl\/#\/schema\/logo\/image\/","url":"http:\/\/dalyplastics.nl\/wp-content\/uploads\/2020\/01\/Daly_logo.jpg","contentUrl":"http:\/\/dalyplastics.nl\/wp-content\/uploads\/2020\/01\/Daly_logo.jpg","width":800,"height":303,"caption":"Daly Plastics"},"image":{"@id":"https:\/\/www.dalyplastics.nl\/#\/schema\/logo\/image\/"}}]}},"_links":{"self":[{"href":"https:\/\/www.dalyplastics.nl\/de\/wp-json\/wp\/v2\/pages\/9327","targetHints":{"allow":["GET"]}}],"collection":[{"href":"https:\/\/www.dalyplastics.nl\/de\/wp-json\/wp\/v2\/pages"}],"about":[{"href":"https:\/\/www.dalyplastics.nl\/de\/wp-json\/wp\/v2\/types\/page"}],"author":[{"embeddable":true,"href":"https:\/\/www.dalyplastics.nl\/de\/wp-json\/wp\/v2\/users\/1"}],"replies":[{"embeddable":true,"href":"https:\/\/www.dalyplastics.nl\/de\/wp-json\/wp\/v2\/comments?post=9327"}],"version-history":[{"count":39,"href":"https:\/\/www.dalyplastics.nl\/de\/wp-json\/wp\/v2\/pages\/9327\/revisions"}],"predecessor-version":[{"id":11752,"href":"https:\/\/www.dalyplastics.nl\/de\/wp-json\/wp\/v2\/pages\/9327\/revisions\/11752"}],"wp:attachment":[{"href":"https:\/\/www.dalyplastics.nl\/de\/wp-json\/wp\/v2\/media?parent=9327"}],"curies":[{"name":"wp","href":"https:\/\/api.w.org\/{rel}","templated":true}]}}