{"id":8835,"date":"2020-01-30T11:46:46","date_gmt":"2020-01-30T10:46:46","guid":{"rendered":"http:\/\/dalyplastics.nl\/sammeln-und-verarbeiten\/"},"modified":"2024-01-18T12:17:32","modified_gmt":"2024-01-18T11:17:32","slug":"sammeln-und-verarbeiten","status":"publish","type":"page","link":"https:\/\/www.dalyplastics.nl\/de\/sammeln-und-verarbeiten\/","title":{"rendered":"Sammeln"},"content":{"rendered":"<p>[et_pb_section fb_built=&#8220;1&#8243; admin_label=&#8220;Services&#8220; _builder_version=&#8220;4.23.4&#8243; background_color=&#8220;#ffffff&#8220; use_background_color_gradient=&#8220;on&#8220; background_color_gradient_direction=&#8220;61deg&#8220; background_color_gradient_stops=&#8220;rgba(12,113,195,0.53) 0%|#2fe268 100%&#8220; background_color_gradient_overlays_image=&#8220;on&#8220; background_color_gradient_start=&#8220;rgba(12,113,195,0.53)&#8220; background_color_gradient_end=&#8220;#2fe268&#8243; background_image=&#8220;http:\/\/dalyplastics.nl\/wp-content\/uploads\/2020\/01\/collect-process.jpg&#8220; min_height=&#8220;550px&#8220; custom_margin=&#8220;||||false|false&#8220; custom_padding=&#8220;||||false|false&#8220; bottom_divider_style=&#8220;mountains2&#8243; bottom_divider_color=&#8220;#ffffff&#8220; bottom_divider_height=&#8220;20vw&#8220; bottom_divider_repeat=&#8220;0.5x&#8220; bottom_divider_flip=&#8220;horizontal|vertical&#8220; global_colors_info=&#8220;{}&#8220;][et_pb_row _builder_version=&#8220;4.16&#8243; custom_margin=&#8220;40px||||false|false&#8220; global_colors_info=&#8220;{}&#8220;][et_pb_column type=&#8220;4_4&#8243; _builder_version=&#8220;4.16&#8243; custom_padding=&#8220;|||&#8220; global_colors_info=&#8220;{}&#8220; custom_padding__hover=&#8220;|||&#8220;][et_pb_text _builder_version=&#8220;4.23.1&#8243; header_font=&#8220;Good times||on||||||&#8220; header_text_color=&#8220;#ffffff&#8220; header_font_size=&#8220;69px&#8220; custom_padding=&#8220;0px|||||&#8220; global_colors_info=&#8220;{}&#8220;]<\/p>\n<h1 style=\"text-align: left;\"><strong>Kontrolle \u00fcber Ihren<br \/>Kunststoff<br \/>abfallstrom<br \/><\/strong><\/h1>\n<h1 style=\"text-align: left;\"><strong>\u00a0<\/strong><\/h1>\n<p>[\/et_pb_text][\/et_pb_column][\/et_pb_row][\/et_pb_section][et_pb_section fb_built=&#8220;1&#8243; _builder_version=&#8220;4.16&#8243; global_colors_info=&#8220;{}&#8220;][et_pb_row _builder_version=&#8220;4.16&#8243; global_colors_info=&#8220;{}&#8220;][et_pb_column type=&#8220;4_4&#8243; _builder_version=&#8220;4.16&#8243; global_colors_info=&#8220;{}&#8220;][et_pb_text _builder_version=&#8220;4.23.1&#8243; text_font=&#8220;Underground Medium||||||||&#8220; text_text_color=&#8220;gcid-f8169307-4f6d-46ab-b107-3642f316d5f5&#8243; text_font_size=&#8220;20px&#8220; global_colors_info=&#8220;{%22gcid-f8169307-4f6d-46ab-b107-3642f316d5f5%22:%91%22text_text_color%22%93}&#8220;]<\/p>\n<p><span class=\"tlid-translation translation\" lang=\"de\"><span title=\"\">F\u00fcr eine gro\u00dfe Anzahl von Unternehmen in Europa verwalten wir ihre Kunststoffabfallstr\u00f6me.<\/span> <span title=\"\">Wir k\u00fcmmern uns um alle Transporte f\u00fcr jede Gr\u00f6\u00dfe und Ladung aus einer Reihe von Produkten und Materialien.<\/span> <span class=\"\" title=\"\">Wir k\u00f6nnen eigenst\u00e4ndige M\u00fcllverdichter (20 m3) und Container (50 m3) bereitstellen, die bis zur Abholung bei Ihnen stationiert werden.<\/span> <span class=\"\" title=\"\">Wir beraten Sie zuverl\u00e4ssig und stellen Ihnen ein effizientes und kosteng\u00fcnstiges System (24 Stunden am Tag \/ 7 Tage die Woche) zur Aufbereitung Ihres Kunststoffabfallstroms zur Verf\u00fcgung.<\/span> <\/span><\/p>\n<p><span class=\"tlid-translation translation\" lang=\"de\"><span class=\"\" title=\"\">Repearts NE ist Ihr zuverl\u00e4ssiger und zertifizierter Partner.<\/span><\/span><\/p>\n<p>[\/et_pb_text][\/et_pb_column][\/et_pb_row][\/et_pb_section][et_pb_section fb_built=&#8220;1&#8243; admin_label=&#8220;Footer&#8220; _builder_version=&#8220;4.16&#8243; background_image=&#8220;http:\/\/dalyplastics.nl\/wp-content\/uploads\/2020\/01\/collect-process-1.jpg&#8220; parallax=&#8220;on&#8220; min_height=&#8220;453px&#8220; global_colors_info=&#8220;{}&#8220;][et_pb_row column_structure=&#8220;1_2,1_2&#8243; make_equal=&#8220;on&#8220; _builder_version=&#8220;4.16&#8243; module_alignment=&#8220;center&#8220; min_height=&#8220;398px&#8220; custom_padding=&#8220;|||&#8220; global_colors_info=&#8220;{}&#8220;][et_pb_column type=&#8220;1_2&#8243; _builder_version=&#8220;4.16&#8243; custom_padding=&#8220;|||&#8220; global_colors_info=&#8220;{}&#8220; custom_padding__hover=&#8220;|||&#8220;][\/et_pb_column][et_pb_column type=&#8220;1_2&#8243; _builder_version=&#8220;4.16&#8243; custom_padding=&#8220;|||&#8220; global_colors_info=&#8220;{}&#8220; custom_padding__hover=&#8220;|||&#8220;][et_pb_text _builder_version=&#8220;4.23.4&#8243; text_font=&#8220;Underground Medium||||||||&#8220; text_text_color=&#8220;gcid-f8169307-4f6d-46ab-b107-3642f316d5f5&#8243; text_font_size=&#8220;20px&#8220; text_line_height=&#8220;1.5em&#8220; header_3_font=&#8220;Underground heavy|700|||||||&#8220; header_3_text_color=&#8220;gcid-c11d3dfc-a14c-42d0-bc7a-f9a9414c496a&#8220; header_3_font_size=&#8220;24px&#8220; background_color=&#8220;rgba(255,255,255,0.91)&#8220; custom_padding=&#8220;40px|20px|40px|20px|true|false&#8220; hover_enabled=&#8220;0&#8243; box_shadow_style=&#8220;preset4&#8243; box_shadow_color=&#8220;rgba(0,0,0,0.53)&#8220; global_colors_info=&#8220;{%22gcid-c11d3dfc-a14c-42d0-bc7a-f9a9414c496a%22:%91%22header_3_text_color%22%93,%22gcid-f8169307-4f6d-46ab-b107-3642f316d5f5%22:%91%22text_text_color%22%93}&#8220; sticky_enabled=&#8220;0&#8243;]<\/p>\n<h3>Unser service<\/h3>\n<ul>\n<li><strong>LOGISTI<\/strong><strong>K<\/strong><\/li>\n<li><strong>20 m\u00b3 Presscontainers<\/strong><\/li>\n<li><strong>50 m\u00b3 Containers<\/strong><\/li>\n<li><strong>1 m\u00b3 Boxen f\u00fcr Kunststoffschrott<br \/><\/strong><\/li>\n<\/ul>\n<p>&nbsp;<\/p>\n<h3>Effizient und niedrige Kosten<br \/>24 Stunden am Tag \/ 7 Tage die Woche<\/h3>\n<p>[\/et_pb_text][\/et_pb_column][\/et_pb_row][\/et_pb_section][et_pb_section fb_built=&#8220;1&#8243; _builder_version=&#8220;4.23.1&#8243; background_color=&#8220;gcid-f8169307-4f6d-46ab-b107-3642f316d5f5&#8243; custom_padding=&#8220;34px||14px|||&#8220; saved_tabs=&#8220;all&#8220; global_colors_info=&#8220;{%22gcid-f8169307-4f6d-46ab-b107-3642f316d5f5%22:%91%22background_color%22%93}&#8220; global_module=&#8220;10814&#8243; theme_builder_area=&#8220;post_content&#8220;][et_pb_row column_structure=&#8220;1_3,1_3,1_3&#8243; _builder_version=&#8220;4.23.1&#8243; custom_margin=&#8220;||||false|false&#8220; global_colors_info=&#8220;{}&#8220; theme_builder_area=&#8220;post_content&#8220;][et_pb_column type=&#8220;1_3&#8243; _builder_version=&#8220;4.16&#8243; global_colors_info=&#8220;{}&#8220; theme_builder_area=&#8220;post_content&#8220;][et_pb_text _builder_version=&#8220;4.23.4&#8243; text_font=&#8220;Underground Medium||||||||&#8220; text_text_color=&#8220;#FFFFFF&#8220; text_font_size=&#8220;20px&#8220; global_colors_info=&#8220;{}&#8220; theme_builder_area=&#8220;post_content&#8220;]<\/p>\n<ul>\n<li><a><strong>Zertifizierung<\/strong><\/a><\/li>\n<li><a href=\"\/?page_id=9090\"><strong>Arbeitspl\u00e4tze<\/strong><\/a><\/li>\n<li><a href=\"\/?page_id=8983\"><strong>Lieferungsbedingungen<\/strong><\/a><\/li>\n<li><a href=\"http:\/\/dalyplastics.nl\/privacy\/\"><strong>Privacy<\/strong><\/a><\/li>\n<\/ul>\n<p>[\/et_pb_text][\/et_pb_column][et_pb_column type=&#8220;1_3&#8243; _builder_version=&#8220;4.16&#8243; global_colors_info=&#8220;{}&#8220; theme_builder_area=&#8220;post_content&#8220;][et_pb_text _builder_version=&#8220;4.23.4&#8243; text_font=&#8220;Underground Medium||||||||&#8220; text_text_color=&#8220;#FFFFFF&#8220; text_font_size=&#8220;20px&#8220; global_colors_info=&#8220;{}&#8220; theme_builder_area=&#8220;post_content&#8220;]<\/p>\n<p><strong>Repeats NE<\/strong><br \/>Industrieweg 101a<br \/>7202CA Zutphen<br \/>Die Niederl\u00e4nde<br \/>T. +31 (0)575 568 310<br \/><a href=\"mailto:info@repeats-group.nl\"><em><strong>info@repeats-group.nl<\/strong><\/em><\/a><\/p>\n<p>[\/et_pb_text][\/et_pb_column][et_pb_column type=&#8220;1_3&#8243; _builder_version=&#8220;4.16&#8243; global_colors_info=&#8220;{}&#8220; theme_builder_area=&#8220;post_content&#8220;][et_pb_image src=&#8220;https:\/\/www.dalyplastics.nl\/wp-content\/uploads\/2023\/12\/Repeats-logo-diap.png&#8220; title_text=&#8220;Repeats-logo-diap&#8220; _builder_version=&#8220;4.23.1&#8243; global_colors_info=&#8220;{}&#8220; theme_builder_area=&#8220;post_content&#8220;][\/et_pb_image][et_pb_text _builder_version=&#8220;4.23.4&#8243; _module_preset=&#8220;default&#8220; text_font_size=&#8220;14px&#8220; text_line_height=&#8220;1.6em&#8220; global_colors_info=&#8220;{}&#8220; theme_builder_area=&#8220;post_content&#8220;]<\/p>\n<p style=\"text-align: center;\"><span style=\"color: #ffffff;\"><strong>Daly Plastics hei\u00dft jetzt Repeats NE<\/strong><\/span><br \/><span style=\"color: #ffffff;\"><strong>und ist Teil der Repeats Group.<\/strong><\/span><\/p>\n<p>[\/et_pb_text][et_pb_image src=&#8220;https:\/\/www.dalyplastics.nl\/wp-content\/uploads\/2023\/12\/TUV-diap.png&#8220; title_text=&#8220;TUV-diap&#8220; _builder_version=&#8220;4.23.1&#8243; global_colors_info=&#8220;{}&#8220; theme_builder_area=&#8220;post_content&#8220;][\/et_pb_image][\/et_pb_column][\/et_pb_row][et_pb_row column_structure=&#8220;3_4,1_4&#8243; _builder_version=&#8220;4.16&#8243; global_colors_info=&#8220;{}&#8220; theme_builder_area=&#8220;post_content&#8220;][et_pb_column type=&#8220;3_4&#8243; _builder_version=&#8220;4.16&#8243; global_colors_info=&#8220;{}&#8220; theme_builder_area=&#8220;post_content&#8220;][et_pb_text _builder_version=&#8220;4.23.4&#8243; _module_preset=&#8220;default&#8220; text_font=&#8220;Underground Medium||||||||&#8220; text_text_color=&#8220;#FFFFFF&#8220; global_colors_info=&#8220;{}&#8220; theme_builder_area=&#8220;post_content&#8220;]<\/p>\n<p>\u00a9 Repeats Group 2024\u00a0 |\u00a0 All rights reserved<\/p>\n<p>[\/et_pb_text][\/et_pb_column][et_pb_column type=&#8220;1_4&#8243; _builder_version=&#8220;4.16&#8243; global_colors_info=&#8220;{}&#8220; theme_builder_area=&#8220;post_content&#8220;][et_pb_social_media_follow follow_button=&#8220;on&#8220; _builder_version=&#8220;4.23.4&#8243; _module_preset=&#8220;default&#8220; custom_button=&#8220;on&#8220; button_text_color=&#8220;#000000&#8243; button_bg_color=&#8220;#FFFFFF&#8220; text_orientation=&#8220;right&#8220; global_colors_info=&#8220;{}&#8220; theme_builder_area=&#8220;post_content&#8220;][et_pb_social_media_follow_network social_network=&#8220;linkedin&#8220; url=&#8220;https:\/\/www.linkedin.com\/company\/repeats-group\/&#8220; _builder_version=&#8220;4.23.4&#8243; _module_preset=&#8220;default&#8220; background_color=&#8220;#007bb6&#8243; global_colors_info=&#8220;{}&#8220; theme_builder_area=&#8220;post_content&#8220; follow_button=&#8220;on&#8220; url_new_window=&#8220;on&#8220;]linkedin[\/et_pb_social_media_follow_network][\/et_pb_social_media_follow][\/et_pb_column][\/et_pb_row][\/et_pb_section]<\/p>\n","protected":false},"excerpt":{"rendered":"<p>Kontrolle \u00fcber IhrenKunststoffabfallstrom \u00a0F\u00fcr eine gro\u00dfe Anzahl von Unternehmen in Europa verwalten wir ihre Kunststoffabfallstr\u00f6me. Wir k\u00fcmmern uns um alle Transporte f\u00fcr jede Gr\u00f6\u00dfe und Ladung aus einer Reihe von Produkten und Materialien. Wir k\u00f6nnen eigenst\u00e4ndige M\u00fcllverdichter (20 m3) und Container (50 m3) bereitstellen, die bis zur Abholung bei Ihnen stationiert werden. Wir beraten Sie [&hellip;]<\/p>\n","protected":false},"author":1,"featured_media":0,"parent":0,"menu_order":0,"comment_status":"closed","ping_status":"closed","template":"","meta":{"_et_pb_use_builder":"on","_et_pb_old_content":"","_et_gb_content_width":"","footnotes":""},"class_list":["post-8835","page","type-page","status-publish","hentry"],"yoast_head":"<!-- This site is optimized with the Yoast SEO plugin v27.4 - https:\/\/yoast.com\/product\/yoast-seo-wordpress\/ -->\n<title>Sammeln - Repeats Group<\/title>\n<meta name=\"description\" content=\"Repeats Group sammeln und Verarbeiten von plastics\" \/>\n<meta name=\"robots\" content=\"index, follow, max-snippet:-1, max-image-preview:large, max-video-preview:-1\" \/>\n<link rel=\"canonical\" href=\"https:\/\/www.dalyplastics.nl\/de\/sammeln-und-verarbeiten\/\" \/>\n<meta property=\"og:locale\" content=\"de_DE\" \/>\n<meta property=\"og:type\" content=\"article\" \/>\n<meta property=\"og:title\" content=\"Sammeln - Repeats Group\" \/>\n<meta property=\"og:description\" content=\"Repeats Group sammeln und Verarbeiten von plastics\" \/>\n<meta property=\"og:url\" content=\"https:\/\/www.dalyplastics.nl\/de\/sammeln-und-verarbeiten\/\" \/>\n<meta property=\"og:site_name\" content=\"Repeats Group\" \/>\n<meta property=\"article:modified_time\" content=\"2024-01-18T11:17:32+00:00\" \/>\n<meta name=\"twitter:card\" content=\"summary_large_image\" \/>\n<meta name=\"twitter:label1\" content=\"Gesch\u00e4tzte Lesezeit\" \/>\n\t<meta name=\"twitter:data1\" content=\"5\u00a0Minuten\" \/>\n<script type=\"application\/ld+json\" class=\"yoast-schema-graph\">{\"@context\":\"https:\\\/\\\/schema.org\",\"@graph\":[{\"@type\":\"WebPage\",\"@id\":\"https:\\\/\\\/www.dalyplastics.nl\\\/de\\\/sammeln-und-verarbeiten\\\/\",\"url\":\"https:\\\/\\\/www.dalyplastics.nl\\\/de\\\/sammeln-und-verarbeiten\\\/\",\"name\":\"Sammeln - Repeats Group\",\"isPartOf\":{\"@id\":\"https:\\\/\\\/www.dalyplastics.nl\\\/#website\"},\"datePublished\":\"2020-01-30T10:46:46+00:00\",\"dateModified\":\"2024-01-18T11:17:32+00:00\",\"description\":\"Repeats Group sammeln und Verarbeiten von plastics\",\"breadcrumb\":{\"@id\":\"https:\\\/\\\/www.dalyplastics.nl\\\/de\\\/sammeln-und-verarbeiten\\\/#breadcrumb\"},\"inLanguage\":\"de\",\"potentialAction\":[{\"@type\":\"ReadAction\",\"target\":[\"https:\\\/\\\/www.dalyplastics.nl\\\/de\\\/sammeln-und-verarbeiten\\\/\"]}]},{\"@type\":\"BreadcrumbList\",\"@id\":\"https:\\\/\\\/www.dalyplastics.nl\\\/de\\\/sammeln-und-verarbeiten\\\/#breadcrumb\",\"itemListElement\":[{\"@type\":\"ListItem\",\"position\":1,\"name\":\"Home\",\"item\":\"https:\\\/\\\/www.dalyplastics.nl\\\/de\\\/\"},{\"@type\":\"ListItem\",\"position\":2,\"name\":\"Sammeln\"}]},{\"@type\":\"WebSite\",\"@id\":\"https:\\\/\\\/www.dalyplastics.nl\\\/#website\",\"url\":\"https:\\\/\\\/www.dalyplastics.nl\\\/\",\"name\":\"Repeats Group\",\"description\":\"Recycling PE at Scale\",\"publisher\":{\"@id\":\"https:\\\/\\\/www.dalyplastics.nl\\\/#organization\"},\"potentialAction\":[{\"@type\":\"SearchAction\",\"target\":{\"@type\":\"EntryPoint\",\"urlTemplate\":\"https:\\\/\\\/www.dalyplastics.nl\\\/?s={search_term_string}\"},\"query-input\":{\"@type\":\"PropertyValueSpecification\",\"valueRequired\":true,\"valueName\":\"search_term_string\"}}],\"inLanguage\":\"de\"},{\"@type\":\"Organization\",\"@id\":\"https:\\\/\\\/www.dalyplastics.nl\\\/#organization\",\"name\":\"Daly Plastics\",\"url\":\"https:\\\/\\\/www.dalyplastics.nl\\\/\",\"logo\":{\"@type\":\"ImageObject\",\"inLanguage\":\"de\",\"@id\":\"https:\\\/\\\/www.dalyplastics.nl\\\/#\\\/schema\\\/logo\\\/image\\\/\",\"url\":\"http:\\\/\\\/dalyplastics.nl\\\/wp-content\\\/uploads\\\/2020\\\/01\\\/Daly_logo.jpg\",\"contentUrl\":\"http:\\\/\\\/dalyplastics.nl\\\/wp-content\\\/uploads\\\/2020\\\/01\\\/Daly_logo.jpg\",\"width\":800,\"height\":303,\"caption\":\"Daly Plastics\"},\"image\":{\"@id\":\"https:\\\/\\\/www.dalyplastics.nl\\\/#\\\/schema\\\/logo\\\/image\\\/\"}}]}<\/script>\n<!-- \/ Yoast SEO plugin. -->","yoast_head_json":{"title":"Sammeln - Repeats Group","description":"Repeats Group sammeln und Verarbeiten von plastics","robots":{"index":"index","follow":"follow","max-snippet":"max-snippet:-1","max-image-preview":"max-image-preview:large","max-video-preview":"max-video-preview:-1"},"canonical":"https:\/\/www.dalyplastics.nl\/de\/sammeln-und-verarbeiten\/","og_locale":"de_DE","og_type":"article","og_title":"Sammeln - Repeats Group","og_description":"Repeats Group sammeln und Verarbeiten von plastics","og_url":"https:\/\/www.dalyplastics.nl\/de\/sammeln-und-verarbeiten\/","og_site_name":"Repeats Group","article_modified_time":"2024-01-18T11:17:32+00:00","twitter_card":"summary_large_image","twitter_misc":{"Gesch\u00e4tzte Lesezeit":"5\u00a0Minuten"},"schema":{"@context":"https:\/\/schema.org","@graph":[{"@type":"WebPage","@id":"https:\/\/www.dalyplastics.nl\/de\/sammeln-und-verarbeiten\/","url":"https:\/\/www.dalyplastics.nl\/de\/sammeln-und-verarbeiten\/","name":"Sammeln - Repeats Group","isPartOf":{"@id":"https:\/\/www.dalyplastics.nl\/#website"},"datePublished":"2020-01-30T10:46:46+00:00","dateModified":"2024-01-18T11:17:32+00:00","description":"Repeats Group sammeln und Verarbeiten von plastics","breadcrumb":{"@id":"https:\/\/www.dalyplastics.nl\/de\/sammeln-und-verarbeiten\/#breadcrumb"},"inLanguage":"de","potentialAction":[{"@type":"ReadAction","target":["https:\/\/www.dalyplastics.nl\/de\/sammeln-und-verarbeiten\/"]}]},{"@type":"BreadcrumbList","@id":"https:\/\/www.dalyplastics.nl\/de\/sammeln-und-verarbeiten\/#breadcrumb","itemListElement":[{"@type":"ListItem","position":1,"name":"Home","item":"https:\/\/www.dalyplastics.nl\/de\/"},{"@type":"ListItem","position":2,"name":"Sammeln"}]},{"@type":"WebSite","@id":"https:\/\/www.dalyplastics.nl\/#website","url":"https:\/\/www.dalyplastics.nl\/","name":"Repeats Group","description":"Recycling PE at Scale","publisher":{"@id":"https:\/\/www.dalyplastics.nl\/#organization"},"potentialAction":[{"@type":"SearchAction","target":{"@type":"EntryPoint","urlTemplate":"https:\/\/www.dalyplastics.nl\/?s={search_term_string}"},"query-input":{"@type":"PropertyValueSpecification","valueRequired":true,"valueName":"search_term_string"}}],"inLanguage":"de"},{"@type":"Organization","@id":"https:\/\/www.dalyplastics.nl\/#organization","name":"Daly Plastics","url":"https:\/\/www.dalyplastics.nl\/","logo":{"@type":"ImageObject","inLanguage":"de","@id":"https:\/\/www.dalyplastics.nl\/#\/schema\/logo\/image\/","url":"http:\/\/dalyplastics.nl\/wp-content\/uploads\/2020\/01\/Daly_logo.jpg","contentUrl":"http:\/\/dalyplastics.nl\/wp-content\/uploads\/2020\/01\/Daly_logo.jpg","width":800,"height":303,"caption":"Daly Plastics"},"image":{"@id":"https:\/\/www.dalyplastics.nl\/#\/schema\/logo\/image\/"}}]}},"_links":{"self":[{"href":"https:\/\/www.dalyplastics.nl\/de\/wp-json\/wp\/v2\/pages\/8835","targetHints":{"allow":["GET"]}}],"collection":[{"href":"https:\/\/www.dalyplastics.nl\/de\/wp-json\/wp\/v2\/pages"}],"about":[{"href":"https:\/\/www.dalyplastics.nl\/de\/wp-json\/wp\/v2\/types\/page"}],"author":[{"embeddable":true,"href":"https:\/\/www.dalyplastics.nl\/de\/wp-json\/wp\/v2\/users\/1"}],"replies":[{"embeddable":true,"href":"https:\/\/www.dalyplastics.nl\/de\/wp-json\/wp\/v2\/comments?post=8835"}],"version-history":[{"count":26,"href":"https:\/\/www.dalyplastics.nl\/de\/wp-json\/wp\/v2\/pages\/8835\/revisions"}],"predecessor-version":[{"id":11701,"href":"https:\/\/www.dalyplastics.nl\/de\/wp-json\/wp\/v2\/pages\/8835\/revisions\/11701"}],"wp:attachment":[{"href":"https:\/\/www.dalyplastics.nl\/de\/wp-json\/wp\/v2\/media?parent=8835"}],"curies":[{"name":"wp","href":"https:\/\/api.w.org\/{rel}","templated":true}]}}